{"id":81,"date":"2020-06-18T20:55:58","date_gmt":"2020-06-18T18:55:58","guid":{"rendered":"http:\/\/www.mikerouault.art\/?page_id=81"},"modified":"2026-02-02T09:51:41","modified_gmt":"2026-02-02T08:51:41","slug":"exposition","status":"publish","type":"page","link":"https:\/\/www.mikerouault.art\/?page_id=81","title":{"rendered":"Expositions"},"content":{"rendered":"\n<p><\/p>\n\n\n\n<h1 class=\"wp-block-heading has-black-color has-text-color\"><strong>Collection particuli\u00e8re <\/strong><\/h1>\n\n\n\n<p class=\"has-luminous-vivid-amber-background-color has-background\"><strong><em>Allemagne, Luxembourg, Pays-Bas, France, Portugal et \u00c9tats-Unis<\/em><\/strong>.<\/p>\n\n\n\n<h1 class=\"wp-block-heading has-black-color has-text-color\"><strong>Galeries <\/strong><\/h1>\n\n\n\n<p><\/p>\n\n\n\n<p class=\"has-very-dark-gray-color has-luminous-vivid-amber-background-color has-text-color has-background\"><strong>2023<\/strong> Jonesy Agency, Paris <\/p>\n\n\n\n<p class=\"has-very-dark-gray-color has-luminous-vivid-amber-background-color has-text-color has-background\"><strong>2007<\/strong> Art pr\u00e9sent. Paris.<br><strong>2006<\/strong> An der Millen, Brandenbourg. Luxembourg<br><strong>2005<\/strong> An der Millen, Brandenbourg. Luxembourg<br><strong>2005<\/strong> Galerie Claudot. Pavillons sous bois.<br><strong>2002 <\/strong>Galerie Crous Beaux Arts: <strong><em><a href=\"https:\/\/www.mikerouault.art\/?page_id=784\" target=\"_blank\" rel=\"noreferrer noopener\">Exposition IDENTITY<\/a>. Paris L\u2019exposition IDENTITY est organis\u00e9 par le CROUS de Paris en partenariat avec Le Minist\u00e8re de la Culture de l\u2019Enseignement sup\u00e9rieur et de la Recherche du Luxembourg, La Ville de Luxembourg, Wunnraum fir Stundenten, Casino Luxembourg (Forum d\u2019art contemporain.) et le Centre Culturel Fran\u00e7ais du Luxembourg.<\/em><\/strong><br><strong>2002<\/strong> Konschthaus beim Engel : <a href=\"https:\/\/www.mikerouault.art\/?page_id=784\" target=\"_blank\" rel=\"noreferrer noopener\">Exposition IDENTITY.<\/a> Luxembourg<br><strong>2001 <\/strong>Galerie Bernanos. Paris.<\/p>\n\n\n\n<h1 class=\"wp-block-heading has-black-color has-text-color\"><strong>Mus\u00e9es<\/strong><\/h1>\n\n\n\n<p class=\"has-very-dark-gray-color has-luminous-vivid-amber-background-color has-text-color has-background\"><strong>2017 <\/strong>Naturmuseum und Ethnologische Sammlung &#8211; Open-Art-Project: Freiburg&nbsp; Allemagne<br><strong>2014<\/strong> Naturmuseum und Ethnologische Sammlung &#8211; Open-Art-Project: Freiburg&nbsp; Allemagne<br><strong>2013<\/strong> Naturmuseum und Ethnologische Sammlung &#8211; Open-Art-Project: Freiburg&nbsp; Allemagne<\/p>\n\n\n\n<h1 class=\"wp-block-heading has-black-color has-text-color\"><strong>Salons <\/strong><\/h1>\n\n\n\n<p class=\"has-luminous-vivid-amber-background-color has-background\"><strong>2024<\/strong> Festival du grand format, Pussigny, France<br><strong>2023 <\/strong>Festival du grand format, Pussigny, France<br><strong>2022<\/strong> Festival du grand format, Pussigny, France<br><strong>2019<\/strong> Festival du grand format, Pussigny, France<br><strong>2018<\/strong> Salon du grand format, Pussigny, France<br><strong>2017<\/strong> Campus des m\u00e9tiers des arts, Jou\u00e9-les-Tours, France<br><strong>2017<\/strong> Festival du grand format + performance, Pussigny, France&nbsp;<br><strong>2016<\/strong> Festival du grand format, Pussigny, France<br><strong>2016 <\/strong>Festival de la Chaudi\u00e8re, Saint-Pierre des Corps,Touraine.France.<br><strong>2015<\/strong> 3\u00e8me salon d\u2019automne Arts et C\u00e9pages, centre culturel, Provins, France.<br><strong>2015 <\/strong>Festival du grand format, Pussigny, France<br><strong>2014<\/strong> Festival du grand format, Pussigny, France<br><strong>2013 <\/strong>Hommage \u00e0 Henri Burin &#8211; exposition collective. Ermenonville. France.<br><strong>2013 <\/strong>Salon du grand format. Pussigny France<br><strong>2012<\/strong> Salon du grand format, Pussigny France. 3\u00e8me Prix.<br><strong>2011 <\/strong>Salon du grand format, Pussigny, France<br><strong>2009<\/strong> Salon du grand format, Pussigny, France<br><strong>2007<\/strong> Salon d\u2019Automne, Magny le Hongre<br><strong>2006<\/strong> Salon des Artistes, l\u2019Atelier. Mitry Mory<br><strong>2006<\/strong> 23\u00b0 Salon de Printemps. Ozoir la ferri\u00e8re<br><strong>2006<\/strong> Salon de l\u2019 A.A.A.P. Nanteuil les Meaux<br><strong>2002<\/strong> Salon du LAC: L\u00ebtzburger Artiste Center. Luxembourg<br><strong>2000<\/strong> 42\u00b0 Salon de l\u2019APEP. Montreuil<br><strong>1999 <\/strong>41\u00b0 Salon de l\u2019APEP. Montreuil<strong><br>1998 <\/strong>40\u00b0 Salon de l\u2019APEP. Montreuil<br><strong>1997<\/strong> 39\u00b0 Salon de l\u2019APEP. Montreuil<br><strong>1996<\/strong> Salon des Arts. Villeparisis.<\/p>\n\n\n\n<h1 class=\"wp-block-heading has-black-color has-text-color\"><strong>Centres Culturels<\/strong><\/h1>\n\n\n\n<p class=\"has-text-align-left has-very-dark-gray-color has-luminous-vivid-amber-background-color has-text-color has-background\"><strong>2007<\/strong> Ligne 13. St Denis<br><strong>2007<\/strong> Canal 93. Bobigny<br><strong>2002<\/strong> Cin\u00e9ma des. Cin\u00e9astes. Paris<br><strong>2002<\/strong> Festival Transit. Aulnay sous bois<br><strong>2001<\/strong> Rencontre de la Villette. Paris<br><strong>2001<\/strong> Ensch. Allemagne<br><strong>2001<\/strong> Ockfener Kreativ-Treff. Allemagne<br><strong>2001<\/strong> Centre Toffoletti. Bagnolet<br><strong>1999<\/strong> Les <strong>Dranceurop\u00e9ennes : <\/strong>L&rsquo; Angleterre. Drancy<br><strong>1999 <\/strong>Fnac Forum Parinor. Aulnay sous bois<br><strong>1999<\/strong> Les <strong>Dranceurop\u00e9ennes <\/strong>: L&rsquo; Allemagne. Drancy. <\/p>\n\n\n\n<p class=\"has-text-align-left has-very-dark-gray-color has-light-green-cyan-background-color has-text-color has-background\"><strong><em>Les Dranceurop\u00e9ennes <\/em><\/strong><em>ont \u00e9t\u00e9 organis\u00e9es par le service culturel de la Mairie de Drancy, l\u2019ambassade d\u2019Allemagne de Paris ainsi que L\u2019Institut Goethe de Paris.<\/em><\/p>\n\n\n\n<h1 class=\"wp-block-heading has-black-color has-text-color\"><strong>Performance live painting<\/strong> &#8211; <strong>concert dessin\u00e9e<\/strong><\/h1>\n\n\n\n<p class=\"has-pale-cyan-blue-background-color has-background\"><strong>2006 &#8211; 2013<\/strong> avec le projet <strong>Toile de Son <\/strong>au Stade de France, Ligne 13 (Saint-Denis).<br><strong>2015 &#8211; 2020<\/strong> avec <strong>Abus d&rsquo;Obus<\/strong> <strong>Productions<\/strong> et la performance <strong><em>\u00ab\u00a0Quelque chose sombre\u00a0\u00bb<\/em>.<\/strong><br><strong>2014 &#8211; 2020<\/strong> avec le groupe <strong>Toprec<\/strong> *<br><strong>2020 &#8211; 2021<\/strong> avec <strong>Chromatisme<\/strong><br><strong>2021 &#8211; 2026<\/strong> avec <strong>Abus d&rsquo;Obus<\/strong> <strong>Productions<\/strong> et la performance <em><strong>\u00ab\u00a0La Ville\u00a0\u00bb<\/strong><\/em><\/p>\n\n\n\n<p>*Invit\u00e9 sur les concerts des groupes :<br><a href=\"https:\/\/www.facebook.com\/Emma.nd.co\" data-type=\"URL\" data-id=\"https:\/\/www.facebook.com\/Emma.nd.co\">Emma and Co<\/a> et <a href=\"https:\/\/soundcloud.com\/user-158914501\" data-type=\"URL\" data-id=\"https:\/\/soundcloud.com\/user-158914501\">Les Sons cach\u00e9s.<\/a><\/p>\n\n\n\n<p><\/p>\n\n\n\n<h1 class=\"wp-block-heading has-black-color has-text-color\"><strong>Th\u00e9\u00e2tre avec la Cie des Carpathes<\/strong><\/h1>\n\n\n\n<p class=\"has-very-dark-gray-color has-light-green-cyan-background-color has-text-color has-background\"><strong> 2002 &#8211; 2009 : <\/strong>plus 350 dates avec les spectacles : <em>StarBars, Barfly, Hamlet Purmalt.<\/em><\/p>\n\n\n\n<h1 class=\"wp-block-heading has-black-color has-text-color\"><strong>Musique<\/strong><\/h1>\n\n\n\n<p class=\"has-very-dark-gray-color has-light-green-cyan-background-color has-text-color has-background\"><strong>2001 &#8211; 2005 :<\/strong> Gibus, Pop Inn avec les groupe <em>Clouzot<\/em> (Rock) et <em>Senior M\u00e9t\u00e9o<\/em> (Punk).<em>&nbsp;<\/em><\/p>\n","protected":false},"excerpt":{"rendered":"<p>Collection particuli\u00e8re Allemagne, Luxembourg, Pays-Bas, France, Portugal et \u00c9tats-Unis. Galeries 2023 Jonesy Agency, Paris 2007 Art pr\u00e9sent. Paris.2006 An der Millen, Brandenbourg. Luxembourg2005 An der Millen, Brandenbourg. Luxembourg2005 Galerie Claudot. Pavillons sous bois.2002 Galerie Crous Beaux Arts: Exposition IDENTITY. Paris L\u2019exposition IDENTITY est organis\u00e9 par le CROUS de Paris en partenariat avec Le Minist\u00e8re de &hellip; <\/p>\n<p class=\"link-more\"><a href=\"https:\/\/www.mikerouault.art\/?page_id=81\" class=\"more-link\">Continuer la lecture<span class=\"screen-reader-text\"> de &laquo;&nbsp;Expositions&nbsp;&raquo;<\/span><\/a><\/p>\n","protected":false},"author":1,"featured_media":4675,"parent":0,"menu_order":0,"comment_status":"closed","ping_status":"closed","template":"","meta":{"ngg_post_thumbnail":0,"footnotes":""},"class_list":["post-81","page","type-page","status-publish","has-post-thumbnail","hentry"],"_links":{"self":[{"href":"https:\/\/www.mikerouault.art\/index.php?rest_route=\/wp\/v2\/pages\/81","targetHints":{"allow":["GET"]}}],"collection":[{"href":"https:\/\/www.mikerouault.art\/index.php?rest_route=\/wp\/v2\/pages"}],"about":[{"href":"https:\/\/www.mikerouault.art\/index.php?rest_route=\/wp\/v2\/types\/page"}],"author":[{"embeddable":true,"href":"https:\/\/www.mikerouault.art\/index.php?rest_route=\/wp\/v2\/users\/1"}],"replies":[{"embeddable":true,"href":"https:\/\/www.mikerouault.art\/index.php?rest_route=%2Fwp%2Fv2%2Fcomments&post=81"}],"version-history":[{"count":46,"href":"https:\/\/www.mikerouault.art\/index.php?rest_route=\/wp\/v2\/pages\/81\/revisions"}],"predecessor-version":[{"id":5013,"href":"https:\/\/www.mikerouault.art\/index.php?rest_route=\/wp\/v2\/pages\/81\/revisions\/5013"}],"wp:featuredmedia":[{"embeddable":true,"href":"https:\/\/www.mikerouault.art\/index.php?rest_route=\/wp\/v2\/media\/4675"}],"wp:attachment":[{"href":"https:\/\/www.mikerouault.art\/index.php?rest_route=%2Fwp%2Fv2%2Fmedia&parent=81"}],"curies":[{"name":"wp","href":"https:\/\/api.w.org\/{rel}","templated":true}]}}