{"id":797,"date":"2020-07-03T21:15:44","date_gmt":"2020-07-03T19:15:44","guid":{"rendered":"http:\/\/www.mikerouault.art\/?page_id=797"},"modified":"2020-07-20T14:17:43","modified_gmt":"2020-07-20T12:17:43","slug":"open-art-project","status":"publish","type":"page","link":"https:\/\/www.mikerouault.art\/?page_id=797","title":{"rendered":"Open Art Project"},"content":{"rendered":"\n<figure class=\"wp-block-image size-large\"><img loading=\"lazy\" decoding=\"async\" width=\"762\" height=\"390\" src=\"https:\/\/www.mikerouault.art\/wp-content\/uploads\/2020\/07\/map.jpg\" alt=\"\" class=\"wp-image-1113\" srcset=\"https:\/\/www.mikerouault.art\/wp-content\/uploads\/2020\/07\/map.jpg 762w, https:\/\/www.mikerouault.art\/wp-content\/uploads\/2020\/07\/map-300x154.jpg 300w, https:\/\/www.mikerouault.art\/wp-content\/uploads\/2020\/07\/map-350x179.jpg 350w\" sizes=\"auto, (max-width: 706px) 89vw, (max-width: 767px) 82vw, 740px\" \/><\/figure>\n\n\n\n<p class=\"has-text-color has-background has-very-dark-gray-color has-pale-pink-background-color\">En 2013, 2014 et 2017 participation \u00e0 Open Art Project avec le mus\u00e9e <strong><em>Naturmuseum und Ethnologische Sammlung<\/em><\/strong> de la ville de Freiburg en Allemagne.<\/p>\n\n\n\n<h1 class=\"wp-block-heading\">2017 &#8211; \u00ab\u00a0Between Virtual and Real\u00a0\u00bb <\/h1>\n\n\n\n<h2 class=\"wp-block-heading\">Das gehr niedmanden von euch etwas an.<\/h2>\n\n\n\n<figure class=\"wp-block-image size-large\"><img loading=\"lazy\" decoding=\"async\" width=\"1024\" height=\"576\" src=\"https:\/\/www.mikerouault.art\/wp-content\/uploads\/2020\/07\/20170123_112505-1024x576.jpg\" alt=\"\" class=\"wp-image-810\" srcset=\"https:\/\/www.mikerouault.art\/wp-content\/uploads\/2020\/07\/20170123_112505-1024x576.jpg 1024w, https:\/\/www.mikerouault.art\/wp-content\/uploads\/2020\/07\/20170123_112505-300x169.jpg 300w, https:\/\/www.mikerouault.art\/wp-content\/uploads\/2020\/07\/20170123_112505-768x432.jpg 768w, https:\/\/www.mikerouault.art\/wp-content\/uploads\/2020\/07\/20170123_112505-1536x864.jpg 1536w, https:\/\/www.mikerouault.art\/wp-content\/uploads\/2020\/07\/20170123_112505-350x197.jpg 350w, https:\/\/www.mikerouault.art\/wp-content\/uploads\/2020\/07\/20170123_112505.jpg 1600w\" sizes=\"auto, (max-width: 767px) 89vw, (max-width: 1000px) 54vw, (max-width: 1071px) 543px, 580px\" \/><\/figure>\n\n\n\n<iframe loading=\"lazy\" src=\"https:\/\/www.youtube.com\/embed\/FTOzKp-43x8\" allow=\"accelerometer; autoplay; encrypted-media; gyroscope; picture-in-picture\" allowfullscreen=\"\" width=\"560\" height=\"315\" frameborder=\"0\"><\/iframe>\n\n\n\n<iframe loading=\"lazy\" src=\"https:\/\/www.youtube.com\/embed\/hjL82C41f5Q\" allow=\"accelerometer; autoplay; encrypted-media; gyroscope; picture-in-picture\" allowfullscreen=\"\" width=\"560\" height=\"315\" frameborder=\"0\"><\/iframe>\n\n\n\n<iframe loading=\"lazy\" src=\"https:\/\/www.youtube.com\/embed\/CB7pu87S7Vo\" allow=\"accelerometer; autoplay; encrypted-media; gyroscope; picture-in-picture\" allowfullscreen=\"\" width=\"560\" height=\"315\" frameborder=\"0\"><\/iframe>\n\n\n\n<iframe loading=\"lazy\" src=\"https:\/\/www.youtube.com\/embed\/5mhZ90YZOtI\" allow=\"accelerometer; autoplay; encrypted-media; gyroscope; picture-in-picture\" allowfullscreen=\"\" width=\"560\" height=\"315\" frameborder=\"0\"><\/iframe>\n\n\n\n<p><span class=\"has-inline-color has-pale-pink-color\"><strong>Pour plus d&rsquo;information :<\/strong><\/span> <a rel=\"noreferrer noopener\" href=\"https:\/\/portal.uni-freiburg.de\/poa\" target=\"_blank\">https:\/\/portal.uni-freiburg.de\/poa<\/a><\/p>\n\n\n\n<!--nextpage-->\n\n\n\n<h2 class=\"wp-block-heading\">2014 &#8211; Exposition Collective \u00ab\u00a0UTOPIAS\u00a0\u00bb<\/h2>\n\n\n\n<h1 class=\"wp-block-heading\">Cernunnos.<\/h1>\n\n\n\n<p>Cernunnos incarnerait le cycle biologique de la nature, refl\u00e9tant simultan\u00e9ment la vie et la mort, la <a href=\"https:\/\/fr.wikipedia.org\/wiki\/Germination\">germination<\/a> et le d\u00e9p\u00e9rissement, \u00e0 l&rsquo;image du cerf, l&rsquo;animal qui le symbolise, lequel perd ses bois en hiver pour les recouvrer au printemps. Fr\u00e9quemment associ\u00e9 \u00e0 la <a href=\"https:\/\/fr.wikipedia.org\/wiki\/D%C3%A9esse-m%C3%A8re\">D\u00e9esse-m\u00e8re<\/a>, une autre figure majeure du panth\u00e9on celtique, il repr\u00e9senterait par ailleurs la puissance masculine et la f\u00e9condit\u00e9.   Dans cette \u0153uvre, le dieu repr\u00e9sente la puissance de l&rsquo;argent. Le symbole de l&rsquo;euro brille entre ses bois.  L&rsquo;argent est Dieu.<\/p>\n\n\n\n<figure class=\"wp-block-image size-large is-resized\"><img loading=\"lazy\" decoding=\"async\" src=\"https:\/\/www.mikerouault.art\/wp-content\/uploads\/2020\/07\/10156020_619895538126457_5059200929767066720_n.jpg\" alt=\"\" class=\"wp-image-1107\" width=\"634\" height=\"900\" srcset=\"https:\/\/www.mikerouault.art\/wp-content\/uploads\/2020\/07\/10156020_619895538126457_5059200929767066720_n.jpg 477w, https:\/\/www.mikerouault.art\/wp-content\/uploads\/2020\/07\/10156020_619895538126457_5059200929767066720_n-211x300.jpg 211w, https:\/\/www.mikerouault.art\/wp-content\/uploads\/2020\/07\/10156020_619895538126457_5059200929767066720_n-350x497.jpg 350w\" sizes=\"auto, (max-width: 634px) 100vw, 634px\" \/><figcaption>Cernunnos &#8211; Posca sur PLV<\/figcaption><\/figure>\n\n\n\n<p><em>C&rsquo;est un rappel \u00e0 Saint Hubert.  \u00c0 la fin du Moyen \u00c2ge, la l\u00e9gende s\u2019empare de lui et greffe sur son histoire des \u00e9pisodes emprunt\u00e9s \u00e0 la l\u00e9gende de saint Eustache, notamment sa rencontre avec un cerf crucif\u00e8re. Alors qu\u2019il chassait un Vendredi saint, la l\u00e9gende raconte qu\u2019il aurait crois\u00e9 un immense cerf qui pr\u00e9sentait entre ses bois un lumineux crucifix. Aveugl\u00e9 par cette lumi\u00e8re, Hubert tomba de son cheval et entendit une voix lui dire : \u00ab Hubert, Hubert, pourquoi me poursuis-tu ? Jusqu\u2019\u00e0 quand ta passion de la chasse te fera-t-elle oublier ton Salut ? \u00bb. Depuis ce jour, Hubert se convertit puis se retira dans la for\u00eat des Ardennes avant de devenir \u00e9v\u00eaque.<\/em><\/p>\n\n\n\n<p>Pour plus d&rsquo;informations : h<a href=\"\/\/portal.uni-freiburg.de\/poa\/utopias\" target=\"_blank\" rel=\"noreferrer noopener\">ttps:\/\/portal.uni-freiburg.de\/poa\/utopias<\/a><\/p>\n\n\n\n<!--nextpage-->\n\n\n\n<h2 class=\"wp-block-heading\">2013 &#8211; Same same, but different<\/h2>\n\n\n\n<h2 class=\"wp-block-heading\">Pr\u00e9sentation de plusieurs travaux<\/h2>\n\n\n\n<figure class=\"wp-block-image size-large\"><img loading=\"lazy\" decoding=\"async\" width=\"700\" height=\"352\" src=\"https:\/\/www.mikerouault.art\/wp-content\/uploads\/2020\/07\/indexlepoids.jpg\" alt=\"\" class=\"wp-image-1114\" srcset=\"https:\/\/www.mikerouault.art\/wp-content\/uploads\/2020\/07\/indexlepoids.jpg 700w, https:\/\/www.mikerouault.art\/wp-content\/uploads\/2020\/07\/indexlepoids-300x151.jpg 300w, https:\/\/www.mikerouault.art\/wp-content\/uploads\/2020\/07\/indexlepoids-350x176.jpg 350w\" sizes=\"auto, (max-width: 700px) 100vw, 700px\" \/><figcaption>Le poids des maux &#8211; technique mixte sur toile. 2013<\/figcaption><\/figure>\n\n\n\n<p>Interview en anglais : <a href=\"https:\/\/portal.uni-freiburg.de\/poa\/temporary\/artists\/mikerouault\/interview\" target=\"_blank\" rel=\"noreferrer noopener\">https:\/\/portal.uni-freiburg.de\/poa\/temporary\/artists\/mikerouault\/interview<\/a><\/p>\n\n\n\n<p><\/p>\n","protected":false},"excerpt":{"rendered":"<p>En 2013, 2014 et 2017 participation \u00e0 Open Art Project avec le mus\u00e9e Naturmuseum und Ethnologische Sammlung de la ville de Freiburg en Allemagne. 2017 &#8211; \u00ab\u00a0Between Virtual and Real\u00a0\u00bb Das gehr niedmanden von euch etwas an. Pour plus d&rsquo;information : https:\/\/portal.uni-freiburg.de\/poa<\/p>\n","protected":false},"author":1,"featured_media":810,"parent":0,"menu_order":0,"comment_status":"closed","ping_status":"closed","template":"","meta":{"ngg_post_thumbnail":0,"footnotes":""},"class_list":["post-797","page","type-page","status-publish","has-post-thumbnail","hentry"],"_links":{"self":[{"href":"https:\/\/www.mikerouault.art\/index.php?rest_route=\/wp\/v2\/pages\/797","targetHints":{"allow":["GET"]}}],"collection":[{"href":"https:\/\/www.mikerouault.art\/index.php?rest_route=\/wp\/v2\/pages"}],"about":[{"href":"https:\/\/www.mikerouault.art\/index.php?rest_route=\/wp\/v2\/types\/page"}],"author":[{"embeddable":true,"href":"https:\/\/www.mikerouault.art\/index.php?rest_route=\/wp\/v2\/users\/1"}],"replies":[{"embeddable":true,"href":"https:\/\/www.mikerouault.art\/index.php?rest_route=%2Fwp%2Fv2%2Fcomments&post=797"}],"version-history":[{"count":16,"href":"https:\/\/www.mikerouault.art\/index.php?rest_route=\/wp\/v2\/pages\/797\/revisions"}],"predecessor-version":[{"id":1119,"href":"https:\/\/www.mikerouault.art\/index.php?rest_route=\/wp\/v2\/pages\/797\/revisions\/1119"}],"wp:featuredmedia":[{"embeddable":true,"href":"https:\/\/www.mikerouault.art\/index.php?rest_route=\/wp\/v2\/media\/810"}],"wp:attachment":[{"href":"https:\/\/www.mikerouault.art\/index.php?rest_route=%2Fwp%2Fv2%2Fmedia&parent=797"}],"curies":[{"name":"wp","href":"https:\/\/api.w.org\/{rel}","templated":true}]}}