{"id":578,"date":"2020-06-29T11:20:48","date_gmt":"2020-06-29T09:20:48","guid":{"rendered":"http:\/\/www.mikerouault.art\/?page_id=578"},"modified":"2026-02-02T10:14:31","modified_gmt":"2026-02-02T09:14:31","slug":"credits","status":"publish","type":"page","link":"https:\/\/www.mikerouault.art\/?page_id=578","title":{"rendered":"Mentions l\u00e9gales"},"content":{"rendered":"\n<p><strong>Pr\u00e9sentation g\u00e9n\u00e9rale :<\/strong><br>Vous \u00eates actuellement connect\u00e9 au site https:\/\/www.mikerouault.art<br>H\u00e9bergement : <a rel=\"noreferrer noopener\" href=\"https:\/\/www.ovh.com\/fr\/\" target=\"_blank\">OVH<\/a><br>CMS : <a rel=\"noreferrer noopener\" href=\"https:\/\/wordpress.com\/\" target=\"_blank\">WordPress<\/a><br>Cr\u00e9ation graphique avec les logiciels libre : Gimp, Inkscape, Shotcut, chaine <a href=\"https:\/\/peertube.fr\/video-channels\/mike_rouault_channel\/videos\" data-type=\"URL\" data-id=\"https:\/\/peertube.fr\/video-channels\/mike_rouault_channel\/videos\" target=\"_blank\" rel=\"noreferrer noopener\">Peertube<\/a>.<\/p>\n\n\n\n<p>Le propri\u00e9taire du site s\u2019engage \u00e0 respecter l\u2019ensemble des lois concernant la mise en place et l\u2019activit\u00e9 d\u2019un site Internet. Site en ligne depuis juin 2020.<\/p>\n\n\n\n<p><strong>Informations techniques<\/strong><br>ll est \u00e0 rappel\u00e9 que le secret des correspondances n\u2019est pas garanti sur le r\u00e9seau Internet et qu\u2019il appartient \u00e0 chaque utilisateur d\u2019Internet de prendre toutes les mesures appropri\u00e9es de fa\u00e7on \u00e0 prot\u00e9ger ses propres donn\u00e9es et\/ou logiciels de la contamination d\u2019\u00e9ventuels virus circulant sur Internet. Site optimis\u00e9 pour une configuration 1280 X 1024, navigateurs: Firefox Mozilla, TOR, Safari et Op\u00e9ra. Flux RSS. Site en ligne depuis juin 2020.<br><br><strong>Donn\u00e9es personnelles<\/strong>\/ <strong>RGPD<\/strong><br>Les informations que vous aurez saisies sur le site peuvent \u00eatre enregistr\u00e9es pour leur traitement exclusif par Mike Rouault. Vous disposez d\u2019un droit d\u2019acc\u00e8s, de modification, de rectification et de suppression concernant les donn\u00e9es collect\u00e9es sur ce site, dans les conditions pr\u00e9vues par la loi n\u00b078-17 du 6 janvier 1978 (modifi\u00e9e) relative \u00e0 l\u2019informatique, aux fichiers et aux libert\u00e9s. Pour l\u2019exercer, adressez-vous au gestionnaire du site par e-mail \u00e0 l\u2019adresse suivante: contact [at] mikerouault [.] art<\/p>\n\n\n\n<p><strong>Liens hypertextes<\/strong><br>La cr\u00e9ation de liens hypertextes vers le site https:\/\/www.mikerouault.art est soumis \u00e0 l\u2019accord pr\u00e9alable du Directeur de la publication. Les liens hypertextes \u00e9tablis en direction d\u2019autres sites \u00e0 partir de https:\/\/www.mikerouault.art ne sauraient, en aucun cas, engager la responsabilit\u00e9 de Mike Rouault.<\/p>\n\n\n\n<p><strong>Conditions d\u2019utilisation:<\/strong><br>L\u2019utilisation de ce site est r\u00e9serv\u00e9e \u00e0 un usage strictement personnel. Les informations contenues dans ce site sont non contractuelles et sujettes \u00e0 modification sans pr\u00e9avis.<\/p>\n\n\n\n<p><strong>Droits d\u2019auteur :<\/strong><br>La reproduction ou repr\u00e9sentation, int\u00e9grale ou partielle, des pages, des donn\u00e9es et de tout autre \u00e9l\u00e9ment constitutif au site, par quelque proc\u00e9d\u00e9 ou support que ce soit, est interdite et constitue sans autorisation de l\u2019\u00e9diteur une contrefa\u00e7on. L\u2019ensemble de ce site rel\u00e8ve des l\u00e9gislations fran\u00e7aise et internationale sur le droit d\u2019auteur et la propri\u00e9t\u00e9 intellectuelle. Tous les droits de reproduction sont r\u00e9serv\u00e9s, y compris pour les documents iconographiques et photographiques. Les illustrations, peintures, photographies, illustrations sonore sont la propri\u00e9t\u00e9 de Mike Rouault \u00a9 1994-2026. <\/p>\n\n\n\n<p><strong>Exceptions pour <\/strong>: <\/p>\n\n\n\n<p>Illustration de Sophie Lucas Faytre <em>(Illustration menu Exposition<\/em>) et photographie de Julien Bottriaux ( Menu Contact).  <\/p>\n\n\n\n<p><strong>Musiques :<\/strong> Abus d&rsquo;Obus Productions. Marco Burian et Franck Lalanne<\/p>\n\n\n\n<p><strong>Photographies :<\/strong> Mike Rouault et avec les aimables autorisations de Thomas Langlade, Sophie Lucas Faytre, Melle Mellie  &amp; Julien Bottriaux.<\/p>\n\n\n\n<p><strong>Vid\u00e9os :<\/strong> Toprec \/ Abus d&rsquo;Obus \/ Live painting par Mike Rouaut. Paint Chat Monster &#8211; Ville de Saint-Ouen. Abus d&rsquo;Obus Productions.<\/p>\n\n\n\n<p><strong>Image mise en avant de la page <em>Exposition <\/em> :<\/strong> Croquis de Sophie Lucas Faytre sur les travaux de Mike Rouault  pour l&rsquo; exposition hommage \u00e0 Henri Burin en 2013.<\/p>\n\n\n\n<p><\/p>\n\n\n\n<p><\/p>\n","protected":false},"excerpt":{"rendered":"<p>Pr\u00e9sentation g\u00e9n\u00e9rale :Vous \u00eates actuellement connect\u00e9 au site https:\/\/www.mikerouault.artH\u00e9bergement : OVHCMS : WordPressCr\u00e9ation graphique avec les logiciels libre : Gimp, Inkscape, Shotcut, chaine Peertube. Le propri\u00e9taire du site s\u2019engage \u00e0 respecter l\u2019ensemble des lois concernant la mise en place et l\u2019activit\u00e9 d\u2019un site Internet. Site en ligne depuis juin 2020. Informations techniquesll est \u00e0 rappel\u00e9 &hellip; <\/p>\n<p class=\"link-more\"><a href=\"https:\/\/www.mikerouault.art\/?page_id=578\" class=\"more-link\">Continuer la lecture<span class=\"screen-reader-text\"> de &laquo;&nbsp;Mentions l\u00e9gales&nbsp;&raquo;<\/span><\/a><\/p>\n","protected":false},"author":1,"featured_media":733,"parent":0,"menu_order":0,"comment_status":"closed","ping_status":"closed","template":"","meta":{"ngg_post_thumbnail":0,"footnotes":""},"class_list":["post-578","page","type-page","status-publish","has-post-thumbnail","hentry"],"_links":{"self":[{"href":"https:\/\/www.mikerouault.art\/index.php?rest_route=\/wp\/v2\/pages\/578","targetHints":{"allow":["GET"]}}],"collection":[{"href":"https:\/\/www.mikerouault.art\/index.php?rest_route=\/wp\/v2\/pages"}],"about":[{"href":"https:\/\/www.mikerouault.art\/index.php?rest_route=\/wp\/v2\/types\/page"}],"author":[{"embeddable":true,"href":"https:\/\/www.mikerouault.art\/index.php?rest_route=\/wp\/v2\/users\/1"}],"replies":[{"embeddable":true,"href":"https:\/\/www.mikerouault.art\/index.php?rest_route=%2Fwp%2Fv2%2Fcomments&post=578"}],"version-history":[{"count":24,"href":"https:\/\/www.mikerouault.art\/index.php?rest_route=\/wp\/v2\/pages\/578\/revisions"}],"predecessor-version":[{"id":5024,"href":"https:\/\/www.mikerouault.art\/index.php?rest_route=\/wp\/v2\/pages\/578\/revisions\/5024"}],"wp:featuredmedia":[{"embeddable":true,"href":"https:\/\/www.mikerouault.art\/index.php?rest_route=\/wp\/v2\/media\/733"}],"wp:attachment":[{"href":"https:\/\/www.mikerouault.art\/index.php?rest_route=%2Fwp%2Fv2%2Fmedia&parent=578"}],"curies":[{"name":"wp","href":"https:\/\/api.w.org\/{rel}","templated":true}]}}