{"id":524,"date":"2020-06-28T12:52:01","date_gmt":"2020-06-28T10:52:01","guid":{"rendered":"http:\/\/www.mikerouault.art\/?page_id=524"},"modified":"2020-11-02T10:22:32","modified_gmt":"2020-11-02T09:22:32","slug":"posca-sur-carton","status":"publish","type":"page","link":"https:\/\/www.mikerouault.art\/?page_id=524","title":{"rendered":"Posca sur carton"},"content":{"rendered":"\n<p>Carton, support disponible partout dans notre soci\u00e9t\u00e9. Accessible, d\u00e9mocratique et simple d&rsquo;utilisation. Il permet de faire de grand format.  <\/p>\n\n\n\n<blockquote class=\"wp-block-quote is-layout-flow wp-block-quote-is-layout-flow\"><p><strong>Ghost<\/strong> &#8211; 2017<\/p><\/blockquote>\n\n\n\n<figure class=\"wp-block-image size-large\"><img loading=\"lazy\" decoding=\"async\" width=\"960\" height=\"720\" src=\"https:\/\/www.mikerouault.art\/wp-content\/uploads\/2020\/07\/39891670_1857564511026214_3058199469905412096_n.jpg\" alt=\"\" class=\"wp-image-1051\" srcset=\"https:\/\/www.mikerouault.art\/wp-content\/uploads\/2020\/07\/39891670_1857564511026214_3058199469905412096_n.jpg 960w, https:\/\/www.mikerouault.art\/wp-content\/uploads\/2020\/07\/39891670_1857564511026214_3058199469905412096_n-300x225.jpg 300w, https:\/\/www.mikerouault.art\/wp-content\/uploads\/2020\/07\/39891670_1857564511026214_3058199469905412096_n-768x576.jpg 768w, https:\/\/www.mikerouault.art\/wp-content\/uploads\/2020\/07\/39891670_1857564511026214_3058199469905412096_n-350x263.jpg 350w\" sizes=\"auto, (max-width: 767px) 89vw, (max-width: 1000px) 54vw, (max-width: 1071px) 543px, 580px\" \/><figcaption>Ghost &#8211; posca sur carton\/ 2017<\/figcaption><\/figure>\n\n\n\nngg_shortcode_0_placeholder\n\n\n\n<h2 class=\"wp-block-heading\">Installation : <strong>S&rsquo;asseoir sur l&rsquo;opinion des gens<\/strong><\/h2>\n\n\n\n<figure class=\"wp-block-image size-large is-resized\"><img loading=\"lazy\" decoding=\"async\" src=\"https:\/\/www.mikerouault.art\/wp-content\/uploads\/2020\/10\/IMG_20170701_200031-768x1024.jpg\" alt=\"\" class=\"wp-image-1384\" width=\"674\" height=\"898\" srcset=\"https:\/\/www.mikerouault.art\/wp-content\/uploads\/2020\/10\/IMG_20170701_200031-768x1024.jpg 768w, https:\/\/www.mikerouault.art\/wp-content\/uploads\/2020\/10\/IMG_20170701_200031-225x300.jpg 225w, https:\/\/www.mikerouault.art\/wp-content\/uploads\/2020\/10\/IMG_20170701_200031-1152x1536.jpg 1152w, https:\/\/www.mikerouault.art\/wp-content\/uploads\/2020\/10\/IMG_20170701_200031-350x467.jpg 350w, https:\/\/www.mikerouault.art\/wp-content\/uploads\/2020\/10\/IMG_20170701_200031.jpg 1200w\" sizes=\"auto, (max-width: 674px) 100vw, 674px\" \/><\/figure>\n\n\n\n<iframe loading=\"lazy\" src=\"https:\/\/www.youtube.com\/embed\/5cN5oLhaK2Q\" allow=\"accelerometer; autoplay; clipboard-write; encrypted-media; gyroscope; picture-in-picture\" allowfullscreen=\"\" width=\"560\" height=\"315\" frameborder=\"0\"><\/iframe>\n\n\n\nngg_shortcode_1_placeholder\n<p>&nbsp;<\/p>\n\n\n\n<!--nextpage-->\n\n\n\n<h2 class=\"wp-block-heading\">Dans la t\u00eate des gens <\/h2>\n\n\n\nngg_shortcode_2_placeholder\n\n\n\n<p><\/p>\n\n\n\n<h2 class=\"wp-block-heading\">Marie, Marie, Marie !<\/h2>\n\n\n\n<p><\/p>\n\n\n\n<div class=\"wp-block-glsb-gosign-gallery-box-block gosign-gallery-box-block-container\"><div class=\"gosign-gallery-box-block\" data-slick=\"{&quot;slidesToShow&quot;:1,&quot;slidesToScroll&quot;:1,&quot;arrows&quot;:false,&quot;dots&quot;:false,&quot;speed&quot;:500,&quot;infinite&quot;:true,&quot;autoplay&quot;:true,&quot;autoplaySpeed&quot;:2000}\"><div class=\"gallery-box-item\"><img loading=\"lazy\" decoding=\"async\" width=\"720\" height=\"960\" src=\"https:\/\/www.mikerouault.art\/wp-content\/uploads\/2020\/07\/18056160_1304890012960336_4839028945711980456_o.jpg\" alt=\"\" data-id=\"1052\" data-link=\"https:\/\/www.mikerouault.art\/?attachment_id=1052\" class=\"wp-image-1052\" srcset=\"https:\/\/www.mikerouault.art\/wp-content\/uploads\/2020\/07\/18056160_1304890012960336_4839028945711980456_o.jpg 720w, https:\/\/www.mikerouault.art\/wp-content\/uploads\/2020\/07\/18056160_1304890012960336_4839028945711980456_o-225x300.jpg 225w, https:\/\/www.mikerouault.art\/wp-content\/uploads\/2020\/07\/18056160_1304890012960336_4839028945711980456_o-350x467.jpg 350w\" sizes=\"auto, (max-width: 720px) 100vw, 720px\" \/><\/div><\/div><div class=\"gosign-gallery-box-thumbnail\" data-slick=\"{&quot;slidesToShow&quot;:3,&quot;slidesToScroll&quot;:1,&quot;arrows&quot;:false,&quot;dots&quot;:false,&quot;infinite&quot;:true,&quot;autoplay&quot;:true,&quot;autoplaySpeed&quot;:2000,&quot;asNavFor&quot;:&quot;.gosign-gallery-box-block&quot;,&quot;focusOnSelect&quot;:true,&quot;variableWidth&quot;:true}\"><div class=\"gallery-thumbnail-item\"><img loading=\"lazy\" decoding=\"async\" width=\"720\" height=\"960\" src=\"https:\/\/www.mikerouault.art\/wp-content\/uploads\/2020\/07\/18056160_1304890012960336_4839028945711980456_o.jpg\" alt=\"\" data-id=\"1052\" data-link=\"https:\/\/www.mikerouault.art\/?attachment_id=1052\" class=\"wp-image-1052\" srcset=\"https:\/\/www.mikerouault.art\/wp-content\/uploads\/2020\/07\/18056160_1304890012960336_4839028945711980456_o.jpg 720w, https:\/\/www.mikerouault.art\/wp-content\/uploads\/2020\/07\/18056160_1304890012960336_4839028945711980456_o-225x300.jpg 225w, https:\/\/www.mikerouault.art\/wp-content\/uploads\/2020\/07\/18056160_1304890012960336_4839028945711980456_o-350x467.jpg 350w\" sizes=\"auto, (max-width: 720px) 100vw, 720px\" \/><\/div><\/div><\/div>\n\n\n\n<figure class=\"wp-block-image size-large\"><img loading=\"lazy\" decoding=\"async\" width=\"960\" height=\"960\" src=\"https:\/\/www.mikerouault.art\/wp-content\/uploads\/2020\/11\/36680554_1780539805395352_626169660110274560_n.jpg\" alt=\"\" class=\"wp-image-1573\" srcset=\"https:\/\/www.mikerouault.art\/wp-content\/uploads\/2020\/11\/36680554_1780539805395352_626169660110274560_n.jpg 960w, https:\/\/www.mikerouault.art\/wp-content\/uploads\/2020\/11\/36680554_1780539805395352_626169660110274560_n-300x300.jpg 300w, https:\/\/www.mikerouault.art\/wp-content\/uploads\/2020\/11\/36680554_1780539805395352_626169660110274560_n-150x150.jpg 150w, https:\/\/www.mikerouault.art\/wp-content\/uploads\/2020\/11\/36680554_1780539805395352_626169660110274560_n-768x768.jpg 768w, https:\/\/www.mikerouault.art\/wp-content\/uploads\/2020\/11\/36680554_1780539805395352_626169660110274560_n-100x100.jpg 100w, https:\/\/www.mikerouault.art\/wp-content\/uploads\/2020\/11\/36680554_1780539805395352_626169660110274560_n-250x250.jpg 250w, https:\/\/www.mikerouault.art\/wp-content\/uploads\/2020\/11\/36680554_1780539805395352_626169660110274560_n-350x350.jpg 350w\" sizes=\"auto, (max-width: 767px) 89vw, (max-width: 1000px) 54vw, (max-width: 1071px) 543px, 580px\" \/><figcaption>Arbres &#8211; 2018 &#8211; Posca sur carton, atelier des Epernons Montreuil.<\/figcaption><\/figure>\n\n\n\n<figure class=\"wp-block-image size-large\"><img loading=\"lazy\" decoding=\"async\" width=\"477\" height=\"677\" src=\"https:\/\/www.mikerouault.art\/wp-content\/uploads\/2020\/11\/10156020_619895538126457_5059200929767066720_n.jpg\" alt=\"\" class=\"wp-image-1575\" srcset=\"https:\/\/www.mikerouault.art\/wp-content\/uploads\/2020\/11\/10156020_619895538126457_5059200929767066720_n.jpg 477w, https:\/\/www.mikerouault.art\/wp-content\/uploads\/2020\/11\/10156020_619895538126457_5059200929767066720_n-211x300.jpg 211w, https:\/\/www.mikerouault.art\/wp-content\/uploads\/2020\/11\/10156020_619895538126457_5059200929767066720_n-350x497.jpg 350w\" sizes=\"auto, (max-width: 477px) 100vw, 477px\" \/><\/figure>\n","protected":false},"excerpt":{"rendered":"<p>Carton, support disponible partout dans notre soci\u00e9t\u00e9. Accessible, d\u00e9mocratique et simple d&rsquo;utilisation. Il permet de faire de grand format. Ghost &#8211; 2017 Installation : S&rsquo;asseoir sur l&rsquo;opinion des gens<\/p>\n","protected":false},"author":1,"featured_media":574,"parent":0,"menu_order":0,"comment_status":"closed","ping_status":"closed","template":"","meta":{"ngg_post_thumbnail":0,"footnotes":""},"class_list":["post-524","page","type-page","status-publish","has-post-thumbnail","hentry"],"_links":{"self":[{"href":"https:\/\/www.mikerouault.art\/index.php?rest_route=\/wp\/v2\/pages\/524","targetHints":{"allow":["GET"]}}],"collection":[{"href":"https:\/\/www.mikerouault.art\/index.php?rest_route=\/wp\/v2\/pages"}],"about":[{"href":"https:\/\/www.mikerouault.art\/index.php?rest_route=\/wp\/v2\/types\/page"}],"author":[{"embeddable":true,"href":"https:\/\/www.mikerouault.art\/index.php?rest_route=\/wp\/v2\/users\/1"}],"replies":[{"embeddable":true,"href":"https:\/\/www.mikerouault.art\/index.php?rest_route=%2Fwp%2Fv2%2Fcomments&post=524"}],"version-history":[{"count":11,"href":"https:\/\/www.mikerouault.art\/index.php?rest_route=\/wp\/v2\/pages\/524\/revisions"}],"predecessor-version":[{"id":1576,"href":"https:\/\/www.mikerouault.art\/index.php?rest_route=\/wp\/v2\/pages\/524\/revisions\/1576"}],"wp:featuredmedia":[{"embeddable":true,"href":"https:\/\/www.mikerouault.art\/index.php?rest_route=\/wp\/v2\/media\/574"}],"wp:attachment":[{"href":"https:\/\/www.mikerouault.art\/index.php?rest_route=%2Fwp%2Fv2%2Fmedia&parent=524"}],"curies":[{"name":"wp","href":"https:\/\/api.w.org\/{rel}","templated":true}]}}