{"id":463,"date":"2020-06-27T11:45:53","date_gmt":"2020-06-27T09:45:53","guid":{"rendered":"http:\/\/www.mikerouault.art\/?page_id=463"},"modified":"2020-07-08T15:37:08","modified_gmt":"2020-07-08T13:37:08","slug":"paint-chat","status":"publish","type":"page","link":"https:\/\/www.mikerouault.art\/?page_id=463","title":{"rendered":"Paint Chat"},"content":{"rendered":"\n<figure class=\"wp-block-video\"><video height=\"1080\" style=\"aspect-ratio: 1920 \/ 1080;\" width=\"1920\" controls src=\"https:\/\/www.mikerouault.art\/wp-content\/uploads\/2020\/06\/paintChat02.mp4\"><\/video><\/figure>\n\n\n\n<p class=\"has-text-color has-background has-very-light-gray-color has-vivid-cyan-blue-background-color\"><strong>En collaboration avec Eric Vidal (Foolstrip 1er maison de BD num\u00e9rique) et <a rel=\"noreferrer noopener\" href=\"http:\/\/www.bedetheque.com\/auteur-39319-BD-Beausang-O-Griafa-Miceal.html\" target=\"_blank\">Miceal Bausang<\/a> (sc\u00e9nariste \/ traducteur), cr\u00e9ation et mise en place du 1er Paint-Chat Monster  avec 8 auteurs de bd num\u00e9rique. Durant 2 heures et en \u00ab\u00a0live\u00a0\u00bb, les artistes ont dessin\u00e9es la bd ensemble sur le m\u00eame support num\u00e9rique.<\/strong> <\/p>\n\n\n\n<figure class=\"wp-block-gallery columns-2 is-cropped wp-block-gallery-1 is-layout-flex wp-block-gallery-is-layout-flex\"><ul class=\"blocks-gallery-grid\"><li class=\"blocks-gallery-item\"><figure><img loading=\"lazy\" decoding=\"async\" width=\"460\" height=\"460\" src=\"https:\/\/www.mikerouault.art\/wp-content\/uploads\/2020\/06\/Photo_39319.jpg\" alt=\"\" data-id=\"491\" class=\"wp-image-491\" srcset=\"https:\/\/www.mikerouault.art\/wp-content\/uploads\/2020\/06\/Photo_39319.jpg 460w, https:\/\/www.mikerouault.art\/wp-content\/uploads\/2020\/06\/Photo_39319-300x300.jpg 300w, https:\/\/www.mikerouault.art\/wp-content\/uploads\/2020\/06\/Photo_39319-150x150.jpg 150w, https:\/\/www.mikerouault.art\/wp-content\/uploads\/2020\/06\/Photo_39319-100x100.jpg 100w, https:\/\/www.mikerouault.art\/wp-content\/uploads\/2020\/06\/Photo_39319-250x250.jpg 250w, https:\/\/www.mikerouault.art\/wp-content\/uploads\/2020\/06\/Photo_39319-350x350.jpg 350w\" sizes=\"auto, (max-width: 460px) 100vw, 460px\" \/><\/figure><\/li><li class=\"blocks-gallery-item\"><figure><img loading=\"lazy\" decoding=\"async\" width=\"206\" height=\"243\" src=\"https:\/\/www.mikerouault.art\/wp-content\/uploads\/2020\/06\/eric-vidal-par-antonin.jpg\" alt=\"\" data-id=\"492\" data-full-url=\"https:\/\/www.mikerouault.art\/wp-content\/uploads\/2020\/06\/eric-vidal-par-antonin.jpg\" data-link=\"https:\/\/www.mikerouault.art\/?attachment_id=492\" class=\"wp-image-492\"\/><\/figure><\/li><\/ul><figcaption class=\"blocks-gallery-caption\">Miceal  Bausang  &amp; Eric Vidal ( illustration de Marl\u00e8ne)<\/figcaption><\/figure>\n\n\n\n<figure class=\"wp-block-image size-large\"><img loading=\"lazy\" decoding=\"async\" width=\"724\" height=\"1024\" src=\"https:\/\/www.mikerouault.art\/wp-content\/uploads\/2020\/06\/paint-chat-master-mike2-724x1024.jpg\" alt=\"\" class=\"wp-image-489\" srcset=\"https:\/\/www.mikerouault.art\/wp-content\/uploads\/2020\/06\/paint-chat-master-mike2-724x1024.jpg 724w, https:\/\/www.mikerouault.art\/wp-content\/uploads\/2020\/06\/paint-chat-master-mike2-212x300.jpg 212w, https:\/\/www.mikerouault.art\/wp-content\/uploads\/2020\/06\/paint-chat-master-mike2-768x1086.jpg 768w, https:\/\/www.mikerouault.art\/wp-content\/uploads\/2020\/06\/paint-chat-master-mike2-350x495.jpg 350w, https:\/\/www.mikerouault.art\/wp-content\/uploads\/2020\/06\/paint-chat-master-mike2.jpg 842w\" sizes=\"auto, (max-width: 724px) 100vw, 724px\" \/><\/figure>\n\n\n\n<h2 class=\"wp-block-heading\">Performance r\u00e9alis\u00e9 lors du 1er festival Formula Bula (Ferraille production et la ville de Saint-Ouen ) en 2011.<\/h2>\n\n\n\n<figure class=\"wp-block-image size-large\"><img loading=\"lazy\" decoding=\"async\" width=\"720\" height=\"540\" src=\"https:\/\/www.mikerouault.art\/wp-content\/uploads\/2020\/06\/248970_221926287836708_7552828_n.jpg\" alt=\"\" class=\"wp-image-496\" srcset=\"https:\/\/www.mikerouault.art\/wp-content\/uploads\/2020\/06\/248970_221926287836708_7552828_n.jpg 720w, https:\/\/www.mikerouault.art\/wp-content\/uploads\/2020\/06\/248970_221926287836708_7552828_n-300x225.jpg 300w, https:\/\/www.mikerouault.art\/wp-content\/uploads\/2020\/06\/248970_221926287836708_7552828_n-350x263.jpg 350w\" sizes=\"auto, (max-width: 720px) 100vw, 720px\" \/><\/figure>\n","protected":false},"excerpt":{"rendered":"<p>En collaboration avec Eric Vidal (Foolstrip 1er maison de BD num\u00e9rique) et Miceal Bausang (sc\u00e9nariste \/ traducteur), cr\u00e9ation et mise en place du 1er Paint-Chat Monster avec 8 auteurs de bd num\u00e9rique. Durant 2 heures et en \u00ab\u00a0live\u00a0\u00bb, les artistes ont dessin\u00e9es la bd ensemble sur le m\u00eame support num\u00e9rique. Performance r\u00e9alis\u00e9 lors du 1er &hellip; <\/p>\n<p class=\"link-more\"><a href=\"https:\/\/www.mikerouault.art\/?page_id=463\" class=\"more-link\">Continuer la lecture<span class=\"screen-reader-text\"> de &laquo;&nbsp;Paint Chat&nbsp;&raquo;<\/span><\/a><\/p>\n","protected":false},"author":1,"featured_media":502,"parent":0,"menu_order":0,"comment_status":"closed","ping_status":"closed","template":"","meta":{"ngg_post_thumbnail":0,"footnotes":""},"class_list":["post-463","page","type-page","status-publish","has-post-thumbnail","hentry"],"_links":{"self":[{"href":"https:\/\/www.mikerouault.art\/index.php?rest_route=\/wp\/v2\/pages\/463","targetHints":{"allow":["GET"]}}],"collection":[{"href":"https:\/\/www.mikerouault.art\/index.php?rest_route=\/wp\/v2\/pages"}],"about":[{"href":"https:\/\/www.mikerouault.art\/index.php?rest_route=\/wp\/v2\/types\/page"}],"author":[{"embeddable":true,"href":"https:\/\/www.mikerouault.art\/index.php?rest_route=\/wp\/v2\/users\/1"}],"replies":[{"embeddable":true,"href":"https:\/\/www.mikerouault.art\/index.php?rest_route=%2Fwp%2Fv2%2Fcomments&post=463"}],"version-history":[{"count":11,"href":"https:\/\/www.mikerouault.art\/index.php?rest_route=\/wp\/v2\/pages\/463\/revisions"}],"predecessor-version":[{"id":1049,"href":"https:\/\/www.mikerouault.art\/index.php?rest_route=\/wp\/v2\/pages\/463\/revisions\/1049"}],"wp:featuredmedia":[{"embeddable":true,"href":"https:\/\/www.mikerouault.art\/index.php?rest_route=\/wp\/v2\/media\/502"}],"wp:attachment":[{"href":"https:\/\/www.mikerouault.art\/index.php?rest_route=%2Fwp%2Fv2%2Fmedia&parent=463"}],"curies":[{"name":"wp","href":"https:\/\/api.w.org\/{rel}","templated":true}]}}