{"id":295,"date":"2020-06-22T15:56:28","date_gmt":"2020-06-22T13:56:28","guid":{"rendered":"http:\/\/www.mikerouault.art\/?page_id=295"},"modified":"2024-04-21T10:12:48","modified_gmt":"2024-04-21T08:12:48","slug":"textes-2","status":"publish","type":"page","link":"https:\/\/www.mikerouault.art\/?page_id=295","title":{"rendered":"Textes"},"content":{"rendered":"\n<h1 class=\"wp-block-heading\" id=\"quelques-textes\"><strong>Quelques textes <\/strong><\/h1>\n\n\n\n<p>Po\u00e9sies , textes et autres ha\u00efkus,  urbain et num\u00e9rique cr\u00e9e avec le smartphone au fil des jours.<\/p>\n\n\n\n<p>Copyright Mike Rouault 2020 \/ 2021 \/ 2022 \/ 2023 textes et images.<\/p>\n\n\n\nngg_shortcode_0_placeholder\n\n\n\n<!--nextpage-->\n\n\n\n<div class=\"wp-block-group\"><div class=\"wp-block-group__inner-container is-layout-flow wp-block-group-is-layout-flow\">\nngg_shortcode_1_placeholder\n<\/div><\/div>\n\n\n\n<!--nextpage-->\n\n\n\nngg_shortcode_2_placeholder\n\n\n\n<!--nextpage-->\n\n\n\nngg_shortcode_3_placeholder\n\n\n\n<!--nextpage-->\n\n\n\nngg_shortcode_4_placeholder\n\n\n\n<h2 class=\"wp-block-heading\"><\/h2>\n\n\n\n<!--nextpage-->\n\n\n\nngg_shortcode_5_placeholder\n\n\n\n<!--nextpage-->\n\n\n\nngg_shortcode_6_placeholder\n\n\n\n<!--nextpage-->\n\n\n\nngg_shortcode_7_placeholder\n\n\n\n<hr class=\"wp-block-separator has-css-opacity\"\/>\n\n\n\n<!--nextpage-->\n\n\n\nngg_shortcode_8_placeholder\n\n\n\n<h2 class=\"wp-block-heading\"><\/h2>\n\n\n\n<!--nextpage-->\n\n\n\nngg_shortcode_9_placeholder\n\n\n\n<p><\/p>\n\n\n\n<!--nextpage-->\n\n\n\nngg_shortcode_10_placeholder\n\n\n\n<!--nextpage-->\n\n\n\n<figure class=\"wp-block-video\"><video height=\"1280\" style=\"aspect-ratio: 720 \/ 1280;\" width=\"720\" controls src=\"https:\/\/www.mikerouault.art\/wp-content\/uploads\/2021\/03\/VID_59340330_103609_567.mp4\"><\/video><\/figure>\n\n\n\n<!--nextpage-->\n\n\n\nngg_shortcode_11_placeholder\n\n\n\n<!--nextpage-->\n\n\n\nngg_shortcode_12_placeholder\n\n\n\n<p><\/p>\n\n\n\n<!--nextpage-->\n\n\n\nngg_shortcode_13_placeholder\n\n\n\n<!--nextpage-->\n\n\n\nngg_shortcode_14_placeholder\n\n\n\n<hr class=\"wp-block-separator has-css-opacity\"\/>\n\n\n\n<!--nextpage-->\n\n\n\nngg_shortcode_15_placeholder\n\n\n\n<!--nextpage-->\n\n\n\nngg_shortcode_16_placeholder\n\n\n\n<!--nextpage-->\n\n\n\nngg_shortcode_17_placeholder\n\n\n\n<!--nextpage-->\n\n\n\nngg_shortcode_18_placeholder\n\n\n\n<!--nextpage-->\n\n\n\nngg_shortcode_19_placeholder\n\n\n\n<!--nextpage-->\n\n\n\n<div style=\"height:35px\" aria-hidden=\"true\" class=\"wp-block-spacer\"><\/div>\n\n\n\nngg_shortcode_20_placeholder\n\n\n\n<!--nextpage-->\n\n\n\nngg_shortcode_21_placeholder\n\n\n\n<!--nextpage-->\n\n\n\nngg_shortcode_22_placeholder\n\n\n\n<!--nextpage-->\n\n\n\nngg_shortcode_23_placeholder\n\n\n\n<!--nextpage-->\n\n\n\nngg_shortcode_24_placeholder\n\n\n\n<!--nextpage-->\n\n\n\nngg_shortcode_25_placeholder\n\n\n\n<!--nextpage-->\n\n\n\nngg_shortcode_26_placeholder\n\n\n\n<!--nextpage-->\n\n\n\nngg_shortcode_27_placeholder\n\n\n\n<!--nextpage-->\n\n\n\nngg_shortcode_28_placeholder\n\n\n\n<!--nextpage-->\n\n\n\nngg_shortcode_29_placeholder\n\n\n\n<!--nextpage-->\n\n\n\nngg_shortcode_30_placeholder\n\n\n\n<!--nextpage-->\n\n\n\nngg_shortcode_31_placeholder\n\n\n\n<!--nextpage-->\n\n\n\nngg_shortcode_32_placeholder\n\n\n\n<!--nextpage-->\n\n\n\nngg_shortcode_33_placeholder\n\n\n\n<!--nextpage-->\n\n\n\nngg_shortcode_34_placeholder\n\n\n\n<!--nextpage-->\n\n\n\nngg_shortcode_35_placeholder\n\n\n\n<figure class=\"wp-block-video\"><video height=\"1080\" style=\"aspect-ratio: 1920 \/ 1080;\" width=\"1920\" controls src=\"https:\/\/www.mikerouault.art\/wp-content\/uploads\/2022\/05\/ekimr-relativite-master.mp4\"><\/video><\/figure>\n\n\n\n<!--nextpage-->\n\n\n\nngg_shortcode_36_placeholder\n\n\n\n<p><\/p>\n\n\n\n<!--nextpage-->\n\n\n\nngg_shortcode_37_placeholder\n\n\n\n<!--nextpage-->\n\n\n\nngg_shortcode_38_placeholder\n\n\n\n<!--nextpage-->\n\n\n\nngg_shortcode_39_placeholder\n\n\n\n<!--nextpage-->\n\n\n\nngg_shortcode_40_placeholder\n\n\n\n<!--nextpage-->\n\n\n\nngg_shortcode_41_placeholder\n\n\n\n<!--nextpage-->\n\n\n\nngg_shortcode_42_placeholder\n\n\n\n<p><\/p>\n\n\n\n<!--nextpage-->\n\n\n\nngg_shortcode_43_placeholder\n\n\n\n<p><\/p>\n\n\n\n<!--nextpage-->\n\n\n\nngg_shortcode_44_placeholder\n\n\n\n<!--nextpage-->\n\n\n\nngg_shortcode_45_placeholder\n\n\n\n<!--nextpage-->\n\n\n\nngg_shortcode_46_placeholder\n\n\n\n<!--nextpage-->\n\n\n\nngg_shortcode_47_placeholder\n\n\n\n<hr class=\"wp-block-separator has-alpha-channel-opacity\"\/>\n\n\n\nngg_shortcode_48_placeholder\n\n\n\n<hr class=\"wp-block-separator has-alpha-channel-opacity\"\/>\n\n\n\nngg_shortcode_49_placeholder\n\n\n\n<!--nextpage-->\n\n\n\nngg_shortcode_50_placeholder\n\n\n\n<!--nextpage-->\n\n\n\nngg_shortcode_51_placeholder\n\n\n\nngg_shortcode_52_placeholder\n\n\n\n<!--nextpage-->\n\n\n\nngg_shortcode_53_placeholder\n\n\n\n<div style=\"height:36px\" aria-hidden=\"true\" class=\"wp-block-spacer\"><\/div>\n\n\n\n<!--nextpage-->\n\n\n\nngg_shortcode_54_placeholder\n\n\n\n<div style=\"height:33px\" aria-hidden=\"true\" class=\"wp-block-spacer\"><\/div>\n\n\n\nngg_shortcode_55_placeholder\n\n\n\n<!--nextpage-->\n\n\n\nngg_shortcode_56_placeholder\n\n\n\n<p><\/p>\n\n\n\n<hr class=\"wp-block-separator has-alpha-channel-opacity\"\/>\n\n\n\n<!--nextpage-->\n\n\n\nngg_shortcode_57_placeholder\n\n\n\n<hr class=\"wp-block-separator has-alpha-channel-opacity\"\/>\n\n\n\n<!--nextpage-->\n\n\n\nngg_shortcode_58_placeholder\n\n\n\n<!--nextpage-->\n\n\n\nngg_shortcode_59_placeholder\n\n\n\n<div style=\"height:38px\" aria-hidden=\"true\" class=\"wp-block-spacer\"><\/div>\n\n\n\nngg_shortcode_60_placeholder\n\n\n\n<!--nextpage-->\n\n\n\nngg_shortcode_61_placeholder\n\n\n\nngg_shortcode_62_placeholder\n\n\n\n<div style=\"height:59px\" aria-hidden=\"true\" class=\"wp-block-spacer\"><\/div>\n\n\n\n<!--nextpage-->\n\n\n\nngg_shortcode_63_placeholder\n\n\n\n<hr class=\"wp-block-separator has-alpha-channel-opacity\"\/>\n\n\n\nngg_shortcode_64_placeholder\n\n\n\n<hr class=\"wp-block-separator has-alpha-channel-opacity\"\/>\n\n\n\n<!--nextpage-->\n\n\n\nngg_shortcode_65_placeholder\n\n\n\n<div style=\"height:29px\" aria-hidden=\"true\" class=\"wp-block-spacer\"><\/div>\n\n\n\nngg_shortcode_66_placeholder\n\n\n\n<!--nextpage-->\n\n\n\nngg_shortcode_67_placeholder\n\n\n\n<hr class=\"wp-block-separator has-alpha-channel-opacity\"\/>\n\n\n\nngg_shortcode_68_placeholder\n\n\n\n<hr class=\"wp-block-separator has-alpha-channel-opacity\"\/>\n\n\n\n<!--nextpage-->\n\n\n\nngg_shortcode_69_placeholder\n\n\n\n<hr class=\"wp-block-separator has-alpha-channel-opacity\"\/>\n\n\n\nngg_shortcode_70_placeholder\n\n\n\n<hr class=\"wp-block-separator has-alpha-channel-opacity\"\/>\n\n\n\n<hr class=\"wp-block-separator has-alpha-channel-opacity\"\/>\n\n\n\n<!--nextpage-->\n\n\n\nngg_shortcode_71_placeholder\n\n\n\n<!--nextpage-->\n\n\n\nngg_shortcode_72_placeholder\n\n\n\nngg_shortcode_73_placeholder\n\n\n\n<div style=\"height:43px\" aria-hidden=\"true\" class=\"wp-block-spacer\"><\/div>\n\n\n\n<!--nextpage-->\n\n\n\nngg_shortcode_74_placeholder\n\n\n\nngg_shortcode_75_placeholder\n\n\n\n<!--nextpage-->\n\n\n\nngg_shortcode_76_placeholder\n\n\n\nngg_shortcode_77_placeholder\n\n\n\n<!--nextpage-->\n\n\n\nngg_shortcode_78_placeholder\n\n\n\n<div style=\"height:29px\" aria-hidden=\"true\" class=\"wp-block-spacer\"><\/div>\n\n\n\n<!--nextpage-->\n\n\n\nngg_shortcode_79_placeholder\n\n\n\nngg_shortcode_80_placeholder\n\n\n\n<figure class=\"wp-block-video\"><video height=\"1280\" style=\"aspect-ratio: 720 \/ 1280;\" width=\"720\" controls src=\"https:\/\/www.mikerouault.art\/wp-content\/uploads\/2023\/03\/VID_43020428_132747_9111.mp4\"><\/video><\/figure>\n\n\n\n<figure class=\"wp-block-video\"><video height=\"1280\" style=\"aspect-ratio: 720 \/ 1280;\" width=\"720\" controls src=\"https:\/\/www.mikerouault.art\/wp-content\/uploads\/2023\/03\/VID_35031016_024800_909.mp4\"><\/video><\/figure>\n\n\n\n<figure class=\"wp-block-video\"><video height=\"1280\" style=\"aspect-ratio: 720 \/ 1280;\" width=\"720\" controls src=\"https:\/\/www.mikerouault.art\/wp-content\/uploads\/2023\/03\/VID_64381129_023903_441.mp4\"><\/video><\/figure>\n\n\n\n<!--nextpage-->\n\n\n\nngg_shortcode_81_placeholder\n\n\n\n<!--nextpage-->\n\n\n\nngg_shortcode_82_placeholder\n\n\n\n<!--nextpage-->\n\n\n\nngg_shortcode_83_placeholder\n\n\n\n<!--nextpage-->\n\n\n\nngg_shortcode_84_placeholder\n\n\n\n<div style=\"height:18px\" aria-hidden=\"true\" class=\"wp-block-spacer\"><\/div>\n\n\n\n<!--nextpage-->\n\n\n\nngg_shortcode_85_placeholder\n\n\n\n<!--nextpage-->\n\n\n\nngg_shortcode_86_placeholder\n\n\n\n<div style=\"height:26px\" aria-hidden=\"true\" class=\"wp-block-spacer\"><\/div>\n\n\n\nngg_shortcode_87_placeholder\n\n\n\n<p><\/p>\n\n\n\n<hr class=\"wp-block-separator has-alpha-channel-opacity\"\/>\n\n\n\n<!--nextpage-->\n\n\n\nngg_shortcode_88_placeholder\n\n\n\n<div style=\"height:58px\" aria-hidden=\"true\" class=\"wp-block-spacer\"><\/div>\n\n\n\nngg_shortcode_89_placeholder\n\n\n\n<hr class=\"wp-block-separator has-alpha-channel-opacity\"\/>\n\n\n\n<hr class=\"wp-block-separator has-alpha-channel-opacity\"\/>\n\n\n\n<!--nextpage-->\n\n\n\nngg_shortcode_90_placeholder\n\n\n\nngg_shortcode_91_placeholder\n\n\n\n<!--nextpage-->\n\n\n\nngg_shortcode_92_placeholder\n\n\n\n<div style=\"height:78px\" aria-hidden=\"true\" class=\"wp-block-spacer\"><\/div>\n\n\n\n<!--nextpage-->\n\n\n\nngg_shortcode_93_placeholder\n\n\n\n<!--nextpage-->\n\n\n\nngg_shortcode_94_placeholder\n\n\n\n<!--nextpage-->\n\n\n\nngg_shortcode_95_placeholder\n\n\n\n<hr class=\"wp-block-separator has-alpha-channel-opacity\"\/>\n\n\n\n<!--nextpage-->\n\n\n\nngg_shortcode_96_placeholder\n\n\n\n<div style=\"height:26px\" aria-hidden=\"true\" class=\"wp-block-spacer\"><\/div>\n\n\n\nngg_shortcode_97_placeholder\n\n\n\n<!--nextpage-->\n\n\n\nngg_shortcode_98_placeholder\n\n\n\n<!--nextpage-->\n\n\n\nngg_shortcode_99_placeholder\n\n\n\nngg_shortcode_100_placeholder\n\n\n\n<!--nextpage-->\n\n\n\nngg_shortcode_101_placeholder\n\n\n\n<!--nextpage-->\n\n\n\nngg_shortcode_102_placeholder\n\n\n\n<!--nextpage-->\n\n\n\nngg_shortcode_103_placeholder\n\n\n\n<div style=\"height:56px\" aria-hidden=\"true\" class=\"wp-block-spacer\"><\/div>\n\n\n\nngg_shortcode_104_placeholder\n\n\n\n<!--nextpage-->\n\n\n\nngg_shortcode_105_placeholder\n\n\n\n<!--nextpage-->\n\n\n\nngg_shortcode_106_placeholder\n\n\n\n<div style=\"height:68px\" aria-hidden=\"true\" class=\"wp-block-spacer\"><\/div>\n","protected":false},"excerpt":{"rendered":"<p>Quelques textes Po\u00e9sies , textes et autres ha\u00efkus, urbain et num\u00e9rique cr\u00e9e avec le smartphone au fil des jours. Copyright Mike Rouault 2020 \/ 2021 \/ 2022 \/ 2023 textes et images.<\/p>\n","protected":false},"author":1,"featured_media":4487,"parent":0,"menu_order":0,"comment_status":"closed","ping_status":"closed","template":"","meta":{"ngg_post_thumbnail":0,"footnotes":""},"class_list":["post-295","page","type-page","status-publish","has-post-thumbnail","hentry"],"_links":{"self":[{"href":"https:\/\/www.mikerouault.art\/index.php?rest_route=\/wp\/v2\/pages\/295","targetHints":{"allow":["GET"]}}],"collection":[{"href":"https:\/\/www.mikerouault.art\/index.php?rest_route=\/wp\/v2\/pages"}],"about":[{"href":"https:\/\/www.mikerouault.art\/index.php?rest_route=\/wp\/v2\/types\/page"}],"author":[{"embeddable":true,"href":"https:\/\/www.mikerouault.art\/index.php?rest_route=\/wp\/v2\/users\/1"}],"replies":[{"embeddable":true,"href":"https:\/\/www.mikerouault.art\/index.php?rest_route=%2Fwp%2Fv2%2Fcomments&post=295"}],"version-history":[{"count":215,"href":"https:\/\/www.mikerouault.art\/index.php?rest_route=\/wp\/v2\/pages\/295\/revisions"}],"predecessor-version":[{"id":4577,"href":"https:\/\/www.mikerouault.art\/index.php?rest_route=\/wp\/v2\/pages\/295\/revisions\/4577"}],"wp:featuredmedia":[{"embeddable":true,"href":"https:\/\/www.mikerouault.art\/index.php?rest_route=\/wp\/v2\/media\/4487"}],"wp:attachment":[{"href":"https:\/\/www.mikerouault.art\/index.php?rest_route=%2Fwp%2Fv2%2Fmedia&parent=295"}],"curies":[{"name":"wp","href":"https:\/\/api.w.org\/{rel}","templated":true}]}}