{"id":2500,"date":"2022-06-03T20:30:00","date_gmt":"2022-06-03T18:30:00","guid":{"rendered":"https:\/\/www.mikerouault.art\/?page_id=2500"},"modified":"2022-06-20T13:25:07","modified_gmt":"2022-06-20T11:25:07","slug":"vanite","status":"publish","type":"page","link":"https:\/\/www.mikerouault.art\/?page_id=2500","title":{"rendered":"Memento mori"},"content":{"rendered":"\n<h1 class=\"wp-block-heading\"> <\/h1>\n\n\n<div class=\"wp-block-image\">\n<figure class=\"aligncenter size-large\"><img loading=\"lazy\" decoding=\"async\" width=\"1024\" height=\"546\" src=\"https:\/\/www.mikerouault.art\/wp-content\/uploads\/2022\/05\/07-VANITMR2022MASTER02-ENDyellow-1024x546.png\" alt=\"\" class=\"wp-image-2555\" srcset=\"https:\/\/www.mikerouault.art\/wp-content\/uploads\/2022\/05\/07-VANITMR2022MASTER02-ENDyellow-1024x546.png 1024w, https:\/\/www.mikerouault.art\/wp-content\/uploads\/2022\/05\/07-VANITMR2022MASTER02-ENDyellow-300x160.png 300w, https:\/\/www.mikerouault.art\/wp-content\/uploads\/2022\/05\/07-VANITMR2022MASTER02-ENDyellow-768x410.png 768w, https:\/\/www.mikerouault.art\/wp-content\/uploads\/2022\/05\/07-VANITMR2022MASTER02-ENDyellow-1536x820.png 1536w, https:\/\/www.mikerouault.art\/wp-content\/uploads\/2022\/05\/07-VANITMR2022MASTER02-ENDyellow-2048x1093.png 2048w, https:\/\/www.mikerouault.art\/wp-content\/uploads\/2022\/05\/07-VANITMR2022MASTER02-ENDyellow-350x187.png 350w, https:\/\/www.mikerouault.art\/wp-content\/uploads\/2022\/05\/07-VANITMR2022MASTER02-ENDyellow-112x60.png 112w, https:\/\/www.mikerouault.art\/wp-content\/uploads\/2022\/05\/07-VANITMR2022MASTER02-ENDyellow-169x90.png 169w\" sizes=\"auto, (max-width: 767px) 89vw, (max-width: 1000px) 54vw, (max-width: 1071px) 543px, 580px\" \/><figcaption> <\/figcaption><\/figure>\n<\/div>\n\n\n<figure class=\"wp-block-video\"><video height=\"1080\" style=\"aspect-ratio: 1920 \/ 1080;\" width=\"1920\" autoplay controls loop src=\"https:\/\/www.mikerouault.art\/wp-content\/uploads\/2022\/05\/VANITE-MR-2022-MASTER..mp4\" playsinline><\/video><\/figure>\n\n\n<div class=\"wp-block-image\">\n<figure class=\"aligncenter size-large is-resized\"><img loading=\"lazy\" decoding=\"async\" src=\"https:\/\/www.mikerouault.art\/wp-content\/uploads\/2022\/05\/fin-logo-MREKIMR-1024x721.jpg\" alt=\"\" class=\"wp-image-2586\" width=\"696\" height=\"489\" srcset=\"https:\/\/www.mikerouault.art\/wp-content\/uploads\/2022\/05\/fin-logo-MREKIMR-1024x721.jpg 1024w, https:\/\/www.mikerouault.art\/wp-content\/uploads\/2022\/05\/fin-logo-MREKIMR-300x211.jpg 300w, https:\/\/www.mikerouault.art\/wp-content\/uploads\/2022\/05\/fin-logo-MREKIMR-768x541.jpg 768w, https:\/\/www.mikerouault.art\/wp-content\/uploads\/2022\/05\/fin-logo-MREKIMR-350x247.jpg 350w, https:\/\/www.mikerouault.art\/wp-content\/uploads\/2022\/05\/fin-logo-MREKIMR-85x60.jpg 85w, https:\/\/www.mikerouault.art\/wp-content\/uploads\/2022\/05\/fin-logo-MREKIMR-128x90.jpg 128w, https:\/\/www.mikerouault.art\/wp-content\/uploads\/2022\/05\/fin-logo-MREKIMR.jpg 1530w\" sizes=\"auto, (max-width: 696px) 100vw, 696px\" \/><\/figure>\n<\/div>\n\n\n<div style=\"height:61px\" aria-hidden=\"true\" class=\"wp-block-spacer\"><\/div>\n\n\n\n<figure class=\"wp-block-pullquote is-style-plain has-black-color has-white-background-color has-text-color has-background\"><blockquote><p>Une <strong>vanit\u00e9<\/strong> est une repr\u00e9sentation <a href=\"https:\/\/fr.wikipedia.org\/wiki\/All%C3%A9gorie\">all\u00e9gorique<\/a> de la fragilit\u00e9 de la vie humaine et de la fatuit\u00e9 de ce \u00e0 quoi l&rsquo;homme s&rsquo;attache durant celle-l\u00e0. Les \u00e9l\u00e9ments symboliques les plus courants pour exprimer la vanit\u00e9 sont la mort, le temps qui passe, la <a href=\"https:\/\/fr.wikipedia.org\/wiki\/Vide_(sentiment)\">vacuit\u00e9<\/a> des passions et activit\u00e9s humaines. Le nom <em>vanit\u00e9<\/em> est d\u00e9riv\u00e9 de la phrase d&rsquo;ouverture du <a href=\"https:\/\/fr.wikipedia.org\/wiki\/Eccl%C3%A9siaste\">Livre de l&rsquo;Eccl\u00e9siaste<\/a> de l&rsquo;<a href=\"https:\/\/fr.wikipedia.org\/wiki\/Ancien_Testament\">Ancien Testament<\/a>&nbsp;: <em><a href=\"https:\/\/fr.wikipedia.org\/wiki\/Vanitas_vanitatum_et_omnia_vanitas\">Vanitas vanitatum et omnia vanitas<\/a><\/em> (\u00ab&nbsp;Vanit\u00e9 des vanit\u00e9s, et tout est vanit\u00e9&nbsp;\u00bb). Tout comme le <em><a href=\"https:\/\/fr.wikipedia.org\/wiki\/Memento_mori\">Memento mori<\/a><\/em>, auquel il est souvent associ\u00e9, le th\u00e8me de la vanit\u00e9 est un rappel de l&rsquo;\u00e9ph\u00e9m\u00e8re condition de l&rsquo;existence.<\/p><cite>Source &#8211; <em>Wikip\u00e9dia<\/em><\/cite><\/blockquote><\/figure>\n\n\n\n<figure class=\"wp-block-image size-large\"><img loading=\"lazy\" decoding=\"async\" width=\"1024\" height=\"738\" src=\"https:\/\/www.mikerouault.art\/wp-content\/uploads\/2022\/05\/fin-logo3-medend-1024x738.jpg\" alt=\"\" class=\"wp-image-2591\" srcset=\"https:\/\/www.mikerouault.art\/wp-content\/uploads\/2022\/05\/fin-logo3-medend-1024x738.jpg 1024w, https:\/\/www.mikerouault.art\/wp-content\/uploads\/2022\/05\/fin-logo3-medend-300x216.jpg 300w, https:\/\/www.mikerouault.art\/wp-content\/uploads\/2022\/05\/fin-logo3-medend-768x554.jpg 768w, https:\/\/www.mikerouault.art\/wp-content\/uploads\/2022\/05\/fin-logo3-medend-1536x1107.jpg 1536w, https:\/\/www.mikerouault.art\/wp-content\/uploads\/2022\/05\/fin-logo3-medend-350x252.jpg 350w, https:\/\/www.mikerouault.art\/wp-content\/uploads\/2022\/05\/fin-logo3-medend-83x60.jpg 83w, https:\/\/www.mikerouault.art\/wp-content\/uploads\/2022\/05\/fin-logo3-medend-125x90.jpg 125w, https:\/\/www.mikerouault.art\/wp-content\/uploads\/2022\/05\/fin-logo3-medend.jpg 1570w\" sizes=\"auto, (max-width: 767px) 89vw, (max-width: 1000px) 54vw, (max-width: 1071px) 543px, 580px\" \/><figcaption><strong>&lt;\/&gt;<\/strong><\/figcaption><\/figure>\n\n\n\n<div style=\"height:100px\" aria-hidden=\"true\" class=\"wp-block-spacer\"><\/div>\n\n\n\n<h1 class=\"wp-block-heading\"><strong>Memento mori<\/strong><\/h1>\n\n\n<div class=\"wp-block-image\">\n<figure class=\"aligncenter size-large\"><img loading=\"lazy\" decoding=\"async\" width=\"1024\" height=\"768\" src=\"https:\/\/www.mikerouault.art\/wp-content\/uploads\/2022\/06\/IMG_20220605_194029-1024x768.jpg\" alt=\"\" class=\"wp-image-2625\" srcset=\"https:\/\/www.mikerouault.art\/wp-content\/uploads\/2022\/06\/IMG_20220605_194029-1024x768.jpg 1024w, https:\/\/www.mikerouault.art\/wp-content\/uploads\/2022\/06\/IMG_20220605_194029-300x225.jpg 300w, https:\/\/www.mikerouault.art\/wp-content\/uploads\/2022\/06\/IMG_20220605_194029-768x576.jpg 768w, https:\/\/www.mikerouault.art\/wp-content\/uploads\/2022\/06\/IMG_20220605_194029-1536x1152.jpg 1536w, https:\/\/www.mikerouault.art\/wp-content\/uploads\/2022\/06\/IMG_20220605_194029-2048x1536.jpg 2048w, https:\/\/www.mikerouault.art\/wp-content\/uploads\/2022\/06\/IMG_20220605_194029-350x263.jpg 350w, https:\/\/www.mikerouault.art\/wp-content\/uploads\/2022\/06\/IMG_20220605_194029-80x60.jpg 80w, https:\/\/www.mikerouault.art\/wp-content\/uploads\/2022\/06\/IMG_20220605_194029-120x90.jpg 120w\" sizes=\"auto, (max-width: 767px) 89vw, (max-width: 1000px) 54vw, (max-width: 1071px) 543px, 580px\" \/><figcaption>Memento mori &#8211; 2022<\/figcaption><\/figure>\n<\/div>\n\n\n<p class=\"has-background\" style=\"background-color:#fccf00\">Grand format &#8211; techniques mixtes &#8211; collage &#8211; peinture acrylique et en bombe &#8211; multim\u00e9dia. Toile compos\u00e9 de plusieurs QR-Code.<\/p>\n\n\n\n<figure class=\"wp-block-image size-large\"><img loading=\"lazy\" decoding=\"async\" width=\"1024\" height=\"768\" src=\"https:\/\/www.mikerouault.art\/wp-content\/uploads\/2022\/06\/IMG_20220605_173323-1024x768.jpg\" alt=\"\" class=\"wp-image-2655\" srcset=\"https:\/\/www.mikerouault.art\/wp-content\/uploads\/2022\/06\/IMG_20220605_173323-1024x768.jpg 1024w, https:\/\/www.mikerouault.art\/wp-content\/uploads\/2022\/06\/IMG_20220605_173323-300x225.jpg 300w, https:\/\/www.mikerouault.art\/wp-content\/uploads\/2022\/06\/IMG_20220605_173323-768x576.jpg 768w, https:\/\/www.mikerouault.art\/wp-content\/uploads\/2022\/06\/IMG_20220605_173323-1536x1152.jpg 1536w, https:\/\/www.mikerouault.art\/wp-content\/uploads\/2022\/06\/IMG_20220605_173323-2048x1536.jpg 2048w, https:\/\/www.mikerouault.art\/wp-content\/uploads\/2022\/06\/IMG_20220605_173323-350x263.jpg 350w, https:\/\/www.mikerouault.art\/wp-content\/uploads\/2022\/06\/IMG_20220605_173323-80x60.jpg 80w, https:\/\/www.mikerouault.art\/wp-content\/uploads\/2022\/06\/IMG_20220605_173323-120x90.jpg 120w\" sizes=\"auto, (max-width: 767px) 89vw, (max-width: 1000px) 54vw, (max-width: 1071px) 543px, 580px\" \/><figcaption>&#8211; QR- Code &#8211;<\/figcaption><\/figure>\n\n\n\n<p class=\"has-background\" style=\"background-color:#fccf00\">Ils donnent  acc\u00e8s via le lecteur de <strong><em>QR-Code <\/em><\/strong>( <a href=\"https:\/\/play.google.com\/store\/search?q=qr+code+scanner&amp;c=apps\" data-type=\"URL\" data-id=\"https:\/\/play.google.com\/store\/search?q=qr+code+scanner&amp;c=apps\">Android<\/a> et  <a href=\"https:\/\/support.apple.com\/en-us\/HT208843\" data-type=\"URL\" data-id=\"https:\/\/support.apple.com\/en-us\/HT208843\">Apple<\/a> ) notamment aux 5 sens de l&rsquo; \u00eatre humain : la vue, le toucher, l&rsquo;odorat, l\u2019ou\u00efe et le gout. Mais aussi des ressources documentaires qui pr\u00e9cisent \u00e0 travers les sujets et th\u00e9matiques, que nous le sommes de passage sur cette terre. Que l&rsquo;essentiel de nos actes et plus largement l&rsquo;art reste les seuls h\u00e9ritages que nous laissons dans l&rsquo;Histoire. Le cr\u00e2ne, symbolise, aussi l&rsquo;\u00e9galit\u00e9 entre nous. Que nous soyons, riches, pauvres, noir, blanc, rouge, beaux ou moches. Nous finirons tous de la m\u00eame mani\u00e8re.<\/p>\n\n\n\nngg_shortcode_0_placeholder\n\n\n\n<h1 class=\"wp-block-heading\"><strong>Les liens qui composent la toile :<\/strong><\/h1>\n\n\n<ul>\n<li><strong>Sidilarsen<\/strong> <a href=\"https:\/\/www.youtube.com\/watch?v=TnvkobUFNgE\">\u00a0\u00bb On va tous crever\u00a0\u00bb<\/a> extrait de l&rsquo;album \u00e9ponyme.<\/li>\n<li><strong>Lucio Bukowsky<\/strong> \/ <strong>Oster Lapwass<\/strong> <a href=\"https:\/\/www.youtube.com\/watch?v=a9ZD864TBXk\">\u00ab\u00a0Ruba\u00efyat\u00a0\u00bb<\/a> extrait de l&rsquo;album <strong>Oderunt Poetas<\/strong><\/li>\n<li>La Canaille <a href=\"https:\/\/www.youtube.com\/watch?v=2JKYQQtAn0I\">\u00a0\u00bb Ni dieu, Ni ma\u00eetre\u00a0\u00bb<\/a>.<\/li>\n<li><strong>Pink Floyd<\/strong> \u00a0\u00bb <a href=\"https:\/\/www.youtube.com\/watch?v=7jMlFXouPk8\">High hopes<\/a>\u00a0\u00bb extrait de l&rsquo;album du m\u00eame nom.<\/li>\n<li><a href=\"https:\/\/peertube.fr\/w\/wAXCPdeYPF8soD6a96jexo\">Memento mori &#8211; <strong>Mike Rouault<\/strong><\/a><\/li>\n<li>La premi\u00e8re<a href=\"https:\/\/upload.wikimedia.org\/wikipedia\/commons\/a\/a8\/NASA-Apollo8-Dec24-Earthrise.jpg\"> image de lever de la terre depuis la lune<\/a><\/li>\n<li>Image : La nature et la pollution<\/li>\n<li>Podcast de <a href=\"https:\/\/www.radiofrance.fr\/franceculture\/podcasts\/les-nuits-de-france-culture\/bernard-stiegler-je-reflechis-au-rapport-entre-la-technique-et-le-mal-6374346\">France culture avec Bernard Stiegler<\/a><\/li>\n<li><a href=\"https:\/\/soundcloud.com\/user-960603077\/if-then-else_si-autrement?utm_source=clipboard&amp;utm_campaign=wtshare&amp;utm_medium=widget&amp;utm_content=https%253A%252F%252Fsoundcloud.com%252Fuser-960603077%252Fif-then-else_si-autrement\">Podcast If_Then_Else<\/a><\/li>\n<li><a href=\"https:\/\/www.laquadrature.net\/\">La quadrature du net<\/a><\/li>\n<li><a href=\"https:\/\/www.worldometers.info\/\">Worldometer<\/a><\/li>\n<li><a href=\"https:\/\/www.greenpeace.fr\/\">Greenpeace.fr<\/a><\/li>\n<li><strong>Victor Hugo<\/strong> : <a href=\"https:\/\/www.poetica.fr\/poeme-3640\/victor-hugo-ce-que-cest-que-la-mort\/\">Qu&rsquo;est-ce que la mort<\/a><\/li>\n<li>Image : Abeilles<\/li>\n<li><a href=\"https:\/\/www.youtube.com\/watch?v=vOGhAV-84iI\">The skeleton Dance<\/a><\/li>\n<li>Sound Machine<\/li>\n<li><a href=\"https:\/\/sound-effects.bbcrewind.co.uk\/search?q=07010135\">Bombardement Naval Nord Vietnam &#8211; BBC<\/a><\/li>\n<li>Les sens- <a href=\"https:\/\/fr.wikipedia.org\/wiki\/Sens_(physiologie)\">wikip\u00e9dia<\/a><\/li>\n<li><a href=\"https:\/\/actu.epfl.ch\/news\/des-astrophysiciens-comblent-des-lacunes-de-l-hist\/\">Lacunes astro<\/a><\/li>\n<li><a href=\"https:\/\/sound-effects.bbcrewind.co.uk\/search?q=07076028\">Afrique : f\u00f4ret <\/a><\/li>\n<li><a href=\"https:\/\/www.timographie360.fr\/visites\/visite-virtuelle\/grotte-lascaux\/\">Visite de Lascaux<\/a><\/li>\n<li>Il \u00e9tait une fois l&rsquo;homme &#8211; <a href=\"https:\/\/www.youtube.com\/watch?v=yiWXDgB-Caw\">dernier \u00e9pisode.<\/a><\/li>\n<\/ul>\n\n\n<p class=\"has-background\" style=\"background-color:#fccf00\">Un immense merci aux artistes, auteurs et compositeurs qui ont donn\u00e9s leurs accords pour l&rsquo;utilisation et la diffusion des liens vers les titres. Merci \u00e0 <strong>David Cancel <\/strong>et l&rsquo;ensemble du groupe <strong><em>Sidilarsen<\/em><\/strong> pour l&rsquo;autorisation du partage du titre \u00a0\u00bb <strong>On va tous crever<\/strong>\u00a0\u00bb  issu du dernier album \u00e9ponyme. Merci du fond du c\u0153ur \u00e0 <strong><em>Lucio Bukowski <\/em><\/strong>pour son autorisation pour le partage du lien vers son titre avec <strong><em>Oster Lapwass<\/em><\/strong> \u00ab\u00a0<strong>Ruba\u00efyat<\/strong>\u00a0\u00bb extrait de l&rsquo;album <strong>Oderunt Poetas<\/strong>. De m\u00eame, merci \u00e0 <strong><em>Marc Namour  &amp; le groupe La Canaille<\/em><\/strong> pour l&rsquo;utilisation et la diffusion du titre \u00ab\u00a0<strong>Ni dieu, ni Maitre<\/strong>\u00a0\u00bb extrait de l&rsquo;album  <strong><em>\u00ab\u00a0Une goutte de miel dans un litre de plomb\u00a0\u00bb<\/em><\/strong>. Enfin merci \u00e0 <strong>Valentina Camu <\/strong>&#8211; photographe pigiste &#8211; pour son autorisation et la diffusion de son travail picturale et son amiti\u00e9. <\/p>\n\n\n\n<p class=\"has-background\" style=\"background-color:#fccf00\">Supportez ces artistes, car ils sont les t\u00e9moins de nos vies, de nos soci\u00e9t\u00e9s et ils po\u00e9tisent ce qui restent encore de bien ici. <\/p>\n\n\n\n<p class=\"has-background\" style=\"background-color:#fccf00\"><strong>Les liens des artistes :<\/strong>  <a href=\"https:\/\/sidilarsen.fr\/\" data-type=\"URL\" data-id=\"https:\/\/sidilarsen.fr\/\">Sidilarsen<\/a> , <a href=\"https:\/\/luciobukowski2.bandcamp.com\/music\" data-type=\"URL\" data-id=\"https:\/\/luciobukowski2.bandcamp.com\/music\">Lucio Bukowski <\/a>, <a href=\"https:\/\/www.facebook.com\/marc.nammour\" data-type=\"URL\" data-id=\"https:\/\/www.facebook.com\/marc.nammour\">Marc Namour<\/a>, <a href=\"https:\/\/www.valentinacamu.com\/\" data-type=\"URL\" data-id=\"https:\/\/www.valentinacamu.com\/\">Valentina Camu<\/a><\/p>\n\n\n\n<div style=\"height:28px\" aria-hidden=\"true\" class=\"wp-block-spacer\"><\/div>\n\n\n\n<p class=\"has-text-align-left has-background\" style=\"background-color:#fccf00\">Tous les supports iconographique, montage audio et vid\u00e9o ont \u00e9t\u00e9 r\u00e9alis\u00e9s avec des outils <strong>Open Source<\/strong> ( <strong><em>The Gimp, Inkscape, ShotCut<\/em><\/strong>). Le libre est une solution \u00e9thique aux probl\u00e8mes num\u00e9riques. <\/p>\n\n\n<div class=\"wp-block-image\">\n<figure class=\"aligncenter size-full\"><img loading=\"lazy\" decoding=\"async\" width=\"442\" height=\"608\" src=\"https:\/\/www.mikerouault.art\/wp-content\/uploads\/2022\/06\/fin-logo3-small.jpg\" alt=\"\" class=\"wp-image-2598\" srcset=\"https:\/\/www.mikerouault.art\/wp-content\/uploads\/2022\/06\/fin-logo3-small.jpg 442w, https:\/\/www.mikerouault.art\/wp-content\/uploads\/2022\/06\/fin-logo3-small-218x300.jpg 218w, https:\/\/www.mikerouault.art\/wp-content\/uploads\/2022\/06\/fin-logo3-small-350x481.jpg 350w, https:\/\/www.mikerouault.art\/wp-content\/uploads\/2022\/06\/fin-logo3-small-44x60.jpg 44w, https:\/\/www.mikerouault.art\/wp-content\/uploads\/2022\/06\/fin-logo3-small-65x90.jpg 65w\" sizes=\"auto, (max-width: 442px) 100vw, 442px\" \/><\/figure>\n<\/div>\n\n\n<h1 class=\"wp-block-heading\"><strong>L&rsquo; iconographie de la toile<\/strong><\/h1>\n\n\n\n<p>D&rsquo;autres QR-code font le lien vers des images nous rappellent que nous ne sommes pas seuls et que l&rsquo;esp\u00e8ce humaine fait partie d&rsquo;un ensemble.  <\/p>\n\n\n\n<p> <\/p>\n\n\n<div class=\"wp-block-image\">\n<figure class=\"aligncenter size-large is-resized\"><img loading=\"lazy\" decoding=\"async\" src=\"https:\/\/www.mikerouault.art\/wp-content\/uploads\/2022\/05\/affiche-carpediem-1024x781.jpg\" alt=\"\" class=\"wp-image-2581\" width=\"680\" height=\"519\" srcset=\"https:\/\/www.mikerouault.art\/wp-content\/uploads\/2022\/05\/affiche-carpediem-1024x781.jpg 1024w, https:\/\/www.mikerouault.art\/wp-content\/uploads\/2022\/05\/affiche-carpediem-300x229.jpg 300w, https:\/\/www.mikerouault.art\/wp-content\/uploads\/2022\/05\/affiche-carpediem-768x586.jpg 768w, https:\/\/www.mikerouault.art\/wp-content\/uploads\/2022\/05\/affiche-carpediem-350x267.jpg 350w, https:\/\/www.mikerouault.art\/wp-content\/uploads\/2022\/05\/affiche-carpediem-79x60.jpg 79w, https:\/\/www.mikerouault.art\/wp-content\/uploads\/2022\/05\/affiche-carpediem-118x90.jpg 118w, https:\/\/www.mikerouault.art\/wp-content\/uploads\/2022\/05\/affiche-carpediem.jpg 1468w\" sizes=\"auto, (max-width: 680px) 100vw, 680px\" \/><figcaption>Memento &#8211; Carpediem<\/figcaption><\/figure>\n<\/div>\n\n\n<figure class=\"wp-block-image size-large\"><img loading=\"lazy\" decoding=\"async\" width=\"1024\" height=\"759\" src=\"https:\/\/www.mikerouault.art\/wp-content\/uploads\/2022\/05\/affiche-bee-1024x759.jpg\" alt=\"\" class=\"wp-image-2576\" srcset=\"https:\/\/www.mikerouault.art\/wp-content\/uploads\/2022\/05\/affiche-bee-1024x759.jpg 1024w, https:\/\/www.mikerouault.art\/wp-content\/uploads\/2022\/05\/affiche-bee-300x222.jpg 300w, https:\/\/www.mikerouault.art\/wp-content\/uploads\/2022\/05\/affiche-bee-768x569.jpg 768w, https:\/\/www.mikerouault.art\/wp-content\/uploads\/2022\/05\/affiche-bee-350x259.jpg 350w, https:\/\/www.mikerouault.art\/wp-content\/uploads\/2022\/05\/affiche-bee-81x60.jpg 81w, https:\/\/www.mikerouault.art\/wp-content\/uploads\/2022\/05\/affiche-bee-121x90.jpg 121w, https:\/\/www.mikerouault.art\/wp-content\/uploads\/2022\/05\/affiche-bee.jpg 1428w\" sizes=\"auto, (max-width: 767px) 89vw, (max-width: 1000px) 54vw, (max-width: 1071px) 543px, 580px\" \/><figcaption>Memento mori &#8211; les abeilles <\/figcaption><\/figure>\n\n\n<div class=\"wp-block-image\">\n<figure class=\"aligncenter size-large\"><img loading=\"lazy\" decoding=\"async\" width=\"1024\" height=\"766\" src=\"https:\/\/www.mikerouault.art\/wp-content\/uploads\/2022\/05\/affiche-nuclaire-1024x766.jpg\" alt=\"\" class=\"wp-image-2577\" srcset=\"https:\/\/www.mikerouault.art\/wp-content\/uploads\/2022\/05\/affiche-nuclaire-1024x766.jpg 1024w, https:\/\/www.mikerouault.art\/wp-content\/uploads\/2022\/05\/affiche-nuclaire-300x224.jpg 300w, https:\/\/www.mikerouault.art\/wp-content\/uploads\/2022\/05\/affiche-nuclaire-768x574.jpg 768w, https:\/\/www.mikerouault.art\/wp-content\/uploads\/2022\/05\/affiche-nuclaire-350x262.jpg 350w, https:\/\/www.mikerouault.art\/wp-content\/uploads\/2022\/05\/affiche-nuclaire-80x60.jpg 80w, https:\/\/www.mikerouault.art\/wp-content\/uploads\/2022\/05\/affiche-nuclaire-120x90.jpg 120w, https:\/\/www.mikerouault.art\/wp-content\/uploads\/2022\/05\/affiche-nuclaire.jpg 1431w\" sizes=\"auto, (max-width: 767px) 89vw, (max-width: 1000px) 54vw, (max-width: 1071px) 543px, 580px\" \/><figcaption>Memento mori &#8211; Nuclear warfare<\/figcaption><\/figure>\n<\/div>\n\n<div class=\"wp-block-image\">\n<figure class=\"aligncenter size-large\"><img loading=\"lazy\" decoding=\"async\" width=\"1024\" height=\"726\" src=\"https:\/\/www.mikerouault.art\/wp-content\/uploads\/2022\/05\/affiche-polution-1024x726.jpg\" alt=\"\" class=\"wp-image-2578\" srcset=\"https:\/\/www.mikerouault.art\/wp-content\/uploads\/2022\/05\/affiche-polution-1024x726.jpg 1024w, https:\/\/www.mikerouault.art\/wp-content\/uploads\/2022\/05\/affiche-polution-300x213.jpg 300w, https:\/\/www.mikerouault.art\/wp-content\/uploads\/2022\/05\/affiche-polution-768x544.jpg 768w, https:\/\/www.mikerouault.art\/wp-content\/uploads\/2022\/05\/affiche-polution-350x248.jpg 350w, https:\/\/www.mikerouault.art\/wp-content\/uploads\/2022\/05\/affiche-polution-85x60.jpg 85w, https:\/\/www.mikerouault.art\/wp-content\/uploads\/2022\/05\/affiche-polution-127x90.jpg 127w, https:\/\/www.mikerouault.art\/wp-content\/uploads\/2022\/05\/affiche-polution.jpg 1453w\" sizes=\"auto, (max-width: 767px) 89vw, (max-width: 1000px) 54vw, (max-width: 1071px) 543px, 580px\" \/><figcaption>Memento mori &#8211; pollution <\/figcaption><\/figure>\n<\/div>\n\n\n<h2 class=\"wp-block-heading\"><strong>Croquis pr\u00e9paratoire <\/strong><\/h2>\n\n\n<p style=\"text-align: left;\">Voici quelques croquis pr\u00e9paratoire, le jaune c&rsquo;est vite impos\u00e9 comme dominance dans le travail graphique et fait r\u00e9f\u00e9rence \u00e0 l&rsquo;affiche que j&rsquo;avais r\u00e9alis\u00e9 pour le 12\u00e8me festival.<\/p>\n\n\nngg_shortcode_1_placeholder\n\n\n\n<h2 class=\"wp-block-heading\">Iconographie<\/h2>\n\n\n\nngg_shortcode_2_placeholder\n\n\n\n<p class=\"has-text-align-left has-background\" style=\"background-color:#fccf00\"> Et enfin, merci \u00e0 Diane, Yann, Erwan, Johan pour leurs accueille et leurs amiti\u00e9s. Une sp\u00e9ciale d\u00e9dicace aux amis de Touraine, aux artistes ami(e)s et membres de l&rsquo;association des Pussifolies, qui ont sut pr\u00e9server l&rsquo;h\u00e9ritage de Henri Burin. Donner acc\u00e8s \u00e0 la culture dans le milieu rural. Loin des pr\u00e9tentions des grandes villes. <\/p>\n\n\n<div class=\"wp-block-image\">\n<figure class=\"aligncenter size-large\"><img loading=\"lazy\" decoding=\"async\" width=\"1024\" height=\"733\" src=\"https:\/\/www.mikerouault.art\/wp-content\/uploads\/2022\/05\/fin-logo2-1024x733.png\" alt=\"\" class=\"wp-image-2584\" srcset=\"https:\/\/www.mikerouault.art\/wp-content\/uploads\/2022\/05\/fin-logo2-1024x733.png 1024w, https:\/\/www.mikerouault.art\/wp-content\/uploads\/2022\/05\/fin-logo2-300x215.png 300w, https:\/\/www.mikerouault.art\/wp-content\/uploads\/2022\/05\/fin-logo2-768x549.png 768w, https:\/\/www.mikerouault.art\/wp-content\/uploads\/2022\/05\/fin-logo2-1536x1099.png 1536w, https:\/\/www.mikerouault.art\/wp-content\/uploads\/2022\/05\/fin-logo2-350x250.png 350w, https:\/\/www.mikerouault.art\/wp-content\/uploads\/2022\/05\/fin-logo2-84x60.png 84w, https:\/\/www.mikerouault.art\/wp-content\/uploads\/2022\/05\/fin-logo2-126x90.png 126w, https:\/\/www.mikerouault.art\/wp-content\/uploads\/2022\/05\/fin-logo2.png 1595w\" sizes=\"auto, (max-width: 767px) 89vw, (max-width: 1000px) 54vw, (max-width: 1071px) 543px, 580px\" \/><figcaption>Memento mori &#8211; Mike Rouault &#8211; 2022<\/figcaption><\/figure>\n<\/div>","protected":false},"excerpt":{"rendered":"<p>Une vanit\u00e9 est une repr\u00e9sentation all\u00e9gorique de la fragilit\u00e9 de la vie humaine et de la fatuit\u00e9 de ce \u00e0 quoi l&rsquo;homme s&rsquo;attache durant celle-l\u00e0. Les \u00e9l\u00e9ments symboliques les plus courants pour exprimer la vanit\u00e9 sont la mort, le temps qui passe, la vacuit\u00e9 des passions et activit\u00e9s humaines. Le nom vanit\u00e9 est d\u00e9riv\u00e9 de &hellip; <\/p>\n<p class=\"link-more\"><a href=\"https:\/\/www.mikerouault.art\/?page_id=2500\" class=\"more-link\">Continuer la lecture<span class=\"screen-reader-text\"> de &laquo;&nbsp;Memento mori&nbsp;&raquo;<\/span><\/a><\/p>\n","protected":false},"author":1,"featured_media":2678,"parent":0,"menu_order":0,"comment_status":"closed","ping_status":"closed","template":"","meta":{"ngg_post_thumbnail":0,"footnotes":""},"class_list":["post-2500","page","type-page","status-publish","has-post-thumbnail","hentry"],"_links":{"self":[{"href":"https:\/\/www.mikerouault.art\/index.php?rest_route=\/wp\/v2\/pages\/2500","targetHints":{"allow":["GET"]}}],"collection":[{"href":"https:\/\/www.mikerouault.art\/index.php?rest_route=\/wp\/v2\/pages"}],"about":[{"href":"https:\/\/www.mikerouault.art\/index.php?rest_route=\/wp\/v2\/types\/page"}],"author":[{"embeddable":true,"href":"https:\/\/www.mikerouault.art\/index.php?rest_route=\/wp\/v2\/users\/1"}],"replies":[{"embeddable":true,"href":"https:\/\/www.mikerouault.art\/index.php?rest_route=%2Fwp%2Fv2%2Fcomments&post=2500"}],"version-history":[{"count":66,"href":"https:\/\/www.mikerouault.art\/index.php?rest_route=\/wp\/v2\/pages\/2500\/revisions"}],"predecessor-version":[{"id":2679,"href":"https:\/\/www.mikerouault.art\/index.php?rest_route=\/wp\/v2\/pages\/2500\/revisions\/2679"}],"wp:featuredmedia":[{"embeddable":true,"href":"https:\/\/www.mikerouault.art\/index.php?rest_route=\/wp\/v2\/media\/2678"}],"wp:attachment":[{"href":"https:\/\/www.mikerouault.art\/index.php?rest_route=%2Fwp%2Fv2%2Fmedia&parent=2500"}],"curies":[{"name":"wp","href":"https:\/\/api.w.org\/{rel}","templated":true}]}}