{"id":1509,"date":"2020-11-01T12:31:55","date_gmt":"2020-11-01T11:31:55","guid":{"rendered":"https:\/\/www.mikerouault.art\/?page_id=1509"},"modified":"2025-10-03T14:07:10","modified_gmt":"2025-10-03T12:07:10","slug":"page-daccueil","status":"publish","type":"page","link":"https:\/\/www.mikerouault.art\/","title":{"rendered":"Page d\u2019accueil"},"content":{"rendered":"\n<h2 class=\"wp-block-heading has-text-align-left\"><strong><mark style=\"background-color:rgba(0, 0, 0, 0)\" class=\"has-inline-color has-cyan-bluish-gray-color\"><em>\u00ab\u00a0Dans les \u0153uvres de <\/em><\/mark><\/strong><mark style=\"background-color:rgba(0, 0, 0, 0)\" class=\"has-inline-color has-cyan-bluish-gray-color\"><em><strong>Mike Rouault<\/strong><\/em><\/mark><strong><mark style=\"background-color:rgba(0, 0, 0, 0)\" class=\"has-inline-color has-cyan-bluish-gray-color\"><em>, l&rsquo;homme est toujours au premier plan. La mort, la peur, la tristesse, la m\u00e9lancolie et l&rsquo;espoir sont mis en \u00e9vidence \u00e0 travers la diversit\u00e9 des mat\u00e9riaux; les \u00e9motions sont exprim\u00e9es la plupart du temps \u00e0 travers des formes surr\u00e9alistes(&#8230;)<br>Il est l&rsquo;un des rares artistes \u00e0 nous confronter \u00e0 nos peurs sans vouloir nous choquer. Il reste vrai.\u00a0\u00bb<\/em><\/mark><\/strong><\/h2>\n\n\n\n<p><em><strong>Madame Annette BARTH<\/strong> <\/em>Critique et professeur d&rsquo;Histoire de l&rsquo;Art \u00e0 l&rsquo;Universit\u00e9 de Tr\u00eaves. Allemagne<\/p>\n\n\n\n<div style=\"height:100px\" aria-hidden=\"true\" class=\"wp-block-spacer\"><\/div>\n","protected":false},"excerpt":{"rendered":"<p>\u00ab\u00a0Dans les \u0153uvres de Mike Rouault, l&rsquo;homme est toujours au premier plan. La mort, la peur, la tristesse, la m\u00e9lancolie et l&rsquo;espoir sont mis en \u00e9vidence \u00e0 travers la diversit\u00e9 des mat\u00e9riaux; les \u00e9motions sont exprim\u00e9es la plupart du temps \u00e0 travers des formes surr\u00e9alistes(&#8230;)Il est l&rsquo;un des rares artistes \u00e0 nous confronter \u00e0 nos &hellip; <\/p>\n<p class=\"link-more\"><a href=\"https:\/\/www.mikerouault.art\/\" class=\"more-link\">Continuer la lecture<span class=\"screen-reader-text\"> de &laquo;&nbsp;Page d\u2019accueil&nbsp;&raquo;<\/span><\/a><\/p>\n","protected":false},"author":1,"featured_media":3055,"parent":0,"menu_order":0,"comment_status":"closed","ping_status":"closed","template":"","meta":{"ngg_post_thumbnail":0,"footnotes":""},"class_list":["post-1509","page","type-page","status-publish","has-post-thumbnail","hentry"],"_links":{"self":[{"href":"https:\/\/www.mikerouault.art\/index.php?rest_route=\/wp\/v2\/pages\/1509","targetHints":{"allow":["GET"]}}],"collection":[{"href":"https:\/\/www.mikerouault.art\/index.php?rest_route=\/wp\/v2\/pages"}],"about":[{"href":"https:\/\/www.mikerouault.art\/index.php?rest_route=\/wp\/v2\/types\/page"}],"author":[{"embeddable":true,"href":"https:\/\/www.mikerouault.art\/index.php?rest_route=\/wp\/v2\/users\/1"}],"replies":[{"embeddable":true,"href":"https:\/\/www.mikerouault.art\/index.php?rest_route=%2Fwp%2Fv2%2Fcomments&post=1509"}],"version-history":[{"count":11,"href":"https:\/\/www.mikerouault.art\/index.php?rest_route=\/wp\/v2\/pages\/1509\/revisions"}],"predecessor-version":[{"id":4960,"href":"https:\/\/www.mikerouault.art\/index.php?rest_route=\/wp\/v2\/pages\/1509\/revisions\/4960"}],"wp:featuredmedia":[{"embeddable":true,"href":"https:\/\/www.mikerouault.art\/index.php?rest_route=\/wp\/v2\/media\/3055"}],"wp:attachment":[{"href":"https:\/\/www.mikerouault.art\/index.php?rest_route=%2Fwp%2Fv2%2Fmedia&parent=1509"}],"curies":[{"name":"wp","href":"https:\/\/api.w.org\/{rel}","templated":true}]}}